{"id":1131,"date":"2008-02-26T09:18:23","date_gmt":"2008-02-26T08:18:23","guid":{"rendered":"http:\/\/www.bushido-lubwart.de\/wordpress\/?page_id=1131"},"modified":"2008-02-26T09:18:23","modified_gmt":"2008-02-26T08:18:23","slug":"wird-karate-olympisch","status":"publish","type":"page","link":"http:\/\/www.bushido-lubwart.de\/wordpress\/karate-and-more\/hintergrunde\/verschiedenes\/wird-karate-olympisch\/","title":{"rendered":"Wird Karate olympisch?"},"content":{"rendered":"<p>Karate wohl nie olympisch werden weil:<\/p>\n<p><strong>1. Es gibt zu viele Stilrichtungen<br \/>\n2. Innerhalb des Karate gibt es zu gegens\u00e4tzliche Auffassungen zum Wettkampfsystem.<br \/>\n3. Es gibt zu viele Verb\u00e4nde.<br \/>\n4. Es gibt zu viel Politik.<br \/>\n5. Tradition und Sport lassen sich nicht verbinden.<\/strong><\/p>\n<p><strong>zu 1.<\/strong><br \/>\nMan kann unm\u00f6glich eine Goju Ryu Kata mit einer Shotokan Kata vergleichen und entsprechend durch qualifizierte Kampfrichter bewerten lassen. Niemand kann sich in allen Stilen gleich gut auskennen.<\/p>\n<p><strong>zu 2.<\/strong><br \/>\nDie Ansatzpunkte f\u00fcr Shobu Ippon und Shobu Sanbon sind zu unterschiedlich, ebenso die Bewertung der Techniken.<\/p>\n<p><strong>zu 3.<\/strong><br \/>\nLeider gibt es im Karate so viele verschiedene Weltverb\u00e4nde, die alle f\u00fcr sich beanspruchen, dass wahre Karate zu verteten und am liebsten keinen anderen neben sich dulden, als dass hier wirklich Hoffnung auf eine Einigung zu sehen w\u00e4re. Und st\u00e4ndig gr\u00fcnden sich neue Verb\u00e4nde, nur weil der eine mit dem anderen nicht kann &#8211; ist doch traurig oder? So etwas gibt es z.B. beim Schwimmen oder Schie\u00dfen nicht!<\/p>\n<p><strong>zu 4.<\/strong><br \/>\nOlympia hat heutzutage weniger mit Sport als vielmehr mit Politik zu tun. Nur wer die seine Interessenvertreter an der richtigen Stelle sitzen hat, kann seine Sportart auch olympisch werden lassen.<\/p>\n<p><strong>zu 5.<\/strong><br \/>\nBedenkt doch einmal was aus Judo geworden ist, seit es nur noch als Sport betrieben wird! Es ist nur noch ein schwacher Abglanz dessen, was es einmal war&#8230;<\/p>\n<p>Es gibt noch viele weitere Gr\u00fcnde, aber das soll erst einmal gen\u00fcgen.<\/p>\n<p>Ein wichtiger Aspekt ist Karate-Do. Sport und Kampfkunst vertr\u00e4gt sich nicht. Man kann nur eines richtig machen. Konsequenterweise geht dabei immer das eine auf Kosten des anderen.<\/p>\n<p>Im Sport geht es um Gewinnen oder Verlieren, wobei Regeln eingehalten werden m\u00fcssen. In der Kampfkunst geht es letztlich auch um Gewinnen oder Verlieren, aber hier k\u00e4mpft man nicht gegen andere, sondern einzig und allein gegen sich selbst.<\/p>\n<p>Das unterscheidet Budo von Sport.<\/p>\n<p>Ich m\u00f6chte nur einmal kurz das Beispiel Kata herausgreifen. Es gibt viele gute Karateka, die auch hervorragende Kata ausf\u00fchren, aber es nicht zu \u00fcbersehen, dass die Tendenz immer mehr weg von der Kata zu au\u00dfergew\u00f6hnlichen sportlichen Leistungen geht, wobei die Kata an Inhalt verliert.<\/p>\n<p>Ein sehr hochgraduierter Lehrer sagte k\u00fcrzlich einmal zu diesem Punkt: Er sei sich sicher, dass man heutzutage einen x-beliebigen Turner nehmen k\u00f6nne. Ihm bringe man die Kata-Bewegungen bei und er w\u00fcrde alle Wettk\u00e4mpfe gewinnen&#8230; Sehr drastisch &#8211; aber seien wir doch mal ehrlich: Irgend etwas Wahres ist da leider schon dran. Immer geht es nur um eines: H\u00f6her, schneller, weiter! Damit verliert letztlich die Kampfkunst.<\/p>\n<p>Karate ist f\u00fcr den Menschen da, damit er seinem Leben einen Sinn geben kann. Dies trifft bedingt auch auf den Sport zu. Aber Sport kann man nur bis zu einem gewissen Alter erfolgreich betreiben, dann setzt der K\u00f6rper eine nat\u00fcrliche Grenze. Karate als Kampfkunst kennt keine Grenzen. Man kann sein ganzes Leben \u00fcben und wird immer noch wachsen&#8230;<\/p>\n<p>Sport hat heute leider fast nichts mehr mit dem Pioniergeist der Anf\u00e4nge zu tun. Sport ist zu einem Beruf geworden und damit geht leider auch etwas sehr Wichtiges verloren&#8230; Ist es noch normal, dass Spitzensportler Millionen verdienen?<\/p>\n<p>Wie dem auch sei &#8211; wie wird man eigentlich zum Spitzensportler? Ohne Beziehungen geht leider auch hier nichts und damit sind wir wieder beim leidigen Thema Politik. Jede Art von Politik zerst\u00f6rt den guten Grundgedanken der alle zun\u00e4chst einte, da Politik immer darauf gerichtet ist, die eigenen Interessen zu durchzusetzen und die Interessen anderer zu st\u00f6ren.<\/p>\n<p>Es w\u00e4re daher besser, wenn Karate nicht olympisch w\u00fcrde und dar\u00fcber hinaus die vielen Verb\u00e4nde doch auf einen Nenner k\u00e4men&#8230;<\/p>\n","protected":false},"excerpt":{"rendered":"<p>Karate wohl nie olympisch werden weil: 1. Es gibt zu viele Stilrichtungen 2. Innerhalb des Karate gibt es zu gegens\u00e4tzliche Auffassungen zum Wettkampfsystem. 3. Es gibt zu viele Verb\u00e4nde. 4. Es gibt zu viel Politik. 5. Tradition und Sport lassen sich nicht verbinden. zu 1. Man kann unm\u00f6glich eine Goju Ryu Kata mit einer Shotokan [&hellip;]<\/p>\n","protected":false},"author":2,"featured_media":0,"parent":1127,"menu_order":4,"comment_status":"open","ping_status":"open","template":"","meta":{"ngg_post_thumbnail":0,"footnotes":""},"class_list":["post-1131","page","type-page","status-publish","hentry"],"_links":{"self":[{"href":"http:\/\/www.bushido-lubwart.de\/wordpress\/wp-json\/wp\/v2\/pages\/1131"}],"collection":[{"href":"http:\/\/www.bushido-lubwart.de\/wordpress\/wp-json\/wp\/v2\/pages"}],"about":[{"href":"http:\/\/www.bushido-lubwart.de\/wordpress\/wp-json\/wp\/v2\/types\/page"}],"author":[{"embeddable":true,"href":"http:\/\/www.bushido-lubwart.de\/wordpress\/wp-json\/wp\/v2\/users\/2"}],"replies":[{"embeddable":true,"href":"http:\/\/www.bushido-lubwart.de\/wordpress\/wp-json\/wp\/v2\/comments?post=1131"}],"version-history":[{"count":1,"href":"http:\/\/www.bushido-lubwart.de\/wordpress\/wp-json\/wp\/v2\/pages\/1131\/revisions"}],"predecessor-version":[{"id":1862,"href":"http:\/\/www.bushido-lubwart.de\/wordpress\/wp-json\/wp\/v2\/pages\/1131\/revisions\/1862"}],"up":[{"embeddable":true,"href":"http:\/\/www.bushido-lubwart.de\/wordpress\/wp-json\/wp\/v2\/pages\/1127"}],"wp:attachment":[{"href":"http:\/\/www.bushido-lubwart.de\/wordpress\/wp-json\/wp\/v2\/media?parent=1131"}],"curies":[{"name":"wp","href":"https:\/\/api.w.org\/{rel}","templated":true}]}}