{"id":1127,"date":"2008-02-26T09:13:27","date_gmt":"2008-02-26T08:13:27","guid":{"rendered":"http:\/\/www.bushido-lubwart.de\/wordpress\/?page_id=1127"},"modified":"2008-02-26T11:08:03","modified_gmt":"2008-02-26T10:08:03","slug":"verschiedenes","status":"publish","type":"page","link":"http:\/\/www.bushido-lubwart.de\/wordpress\/karate-and-more\/hintergrunde\/verschiedenes\/","title":{"rendered":"Verschiedenes"},"content":{"rendered":"<p><strong><a HREF=\"http:\/\/www.bushido-lubwart.de\/wordpress\/?page_id=1128\">Dehn\u00fcbungen und Schnellkraft<\/a><\/strong> &#8211; Kann Dehnung die Schnellkraft erh\u00f6hen?<\/p>\n<p><strong><a HREF=\"http:\/\/www.bushido-lubwart.de\/wordpress\/?page_id=1129\">K\u00e4mpfen oder nicht k\u00e4mpfen?<\/a><\/strong> &#8211; Gef\u00e4hrliche Situationen im Alltag &#8230;<\/p>\n<p><strong><a HREF=\"http:\/\/www.bushido-lubwart.de\/wordpress\/?page_id=1130\">Sempai oder Sensei<\/a><\/strong> &#8211; Wie soll ich den Trainer anreden?<\/p>\n<p><strong><a HREF=\"http:\/\/www.bushido-lubwart.de\/wordpress\/?page_id=1131\">Wird Karate olympisch?<\/a><\/strong> &#8211; Safar Sensei \u00e4u\u00dfert sich zu diesem Thema<\/p>\n<p><a HREF=\"http:\/\/www.bushido-lubwart.de\/wordpress\/?page_id=1132\"><strong>F\u00fcr Selbstverteidigung muss man einstecken k\u00f6nnen!<\/strong><\/a> &#8211; Hartes Training, Schl\u00e4ge auf den Bauch&#8230; sinnvoll oder nicht?<\/p>\n<p><strong><a HREF=\"http:\/\/www.bushido-lubwart.de\/wordpress\/?page_id=1133\">Wettkampf und Karate<\/a><\/strong> &#8211; Nakayama zum Thema<\/p>\n<p><a HREF=\"http:\/\/www.bushido-lubwart.de\/wordpress\/?page_id=1134\"><strong>Kraft \/ Schlagwirkung \/ Schnelligkeit<\/strong><\/a> &#8211; Was hat Einfluss auf die Technik?<\/p>\n<p><strong><a HREF=\"http:\/\/www.bushido-lubwart.de\/wordpress\/?page_id=1135\">Dan-Grad abgeben \/ abnehmen<\/a><\/strong> &#8211; Ist das \u00fcberhaupt m\u00f6glich?<\/p>\n<p><a HREF=\"http:\/\/www.bushido-lubwart.de\/wordpress\/?page_id=1136\"><strong>Man darf im Karate nicht als erster zuschlagen!<\/strong><\/a> &#8211; Wirklich? Ist das wirklich so?<\/p>\n<p><strong><a HREF=\"http:\/\/www.bushido-lubwart.de\/wordpress\/?page_id=1137\">Mr. Perfekt: Die Bedeutung des 10. Dan<\/a><\/strong> &#8211; Entweder schon tot oder ein Idiot<\/p>\n<p><strong><a HREF=\"http:\/\/www.bushido-lubwart.de\/wordpress\/?page_id=1138\">Seiza und Meditation<\/a><\/strong> &#8211; Wie sitzt man richtig und warum schmerzen meine Knie?<\/p>\n<p><strong><a HREF=\"http:\/\/www.bushido-lubwart.de\/wordpress\/?page_id=1139\">Schlagkraft<\/a><\/strong> &#8211; Ich will st\u00e4rker werden!<\/p>\n<p><strong><a HREF=\"http:\/\/www.bushido-lubwart.de\/wordpress\/?page_id=1140\">Praktizierene Christen und Karate<\/a><\/strong> &#8211; Ist das ein Widerspruch?<\/p>\n<p><strong><a HREF=\"http:\/\/www.bushido-lubwart.de\/wordpress\/?page_id=1141\">Bier auf dem T-Shirt<\/a><\/strong> &#8211; Da kippt mir jemand sein Glas \u00fcber mein T-Shirt und jetzt?<\/p>\n<p><strong><a HREF=\"http:\/\/www.bushido-lubwart.de\/wordpress\/?page_id=1142\">Muskel traininern aber richtig<\/a><\/strong> &#8211; Wenn man jeden Tag an seine Grenzen geht wird man besser!<\/p>\n<p><strong><a HREF=\"http:\/\/www.bushido-lubwart.de\/wordpress\/?page_id=1143\">Boxen ist die effektivste Kampfkunst<\/a><\/strong> &#8211; Wer&#8217;s glaubt wird selig, pflegte meine Oma zu sagen<\/p>\n<p><strong><a HREF=\"http:\/\/www.bushido-lubwart.de\/wordpress\/?page_id=1144\">Dojo-Etikette<\/a><\/strong> &#8211; Die Regeln des Dojo<\/p>\n<p><strong><a HREF=\"http:\/\/www.bushido-lubwart.de\/wordpress\/?page_id=1145\">Karate ni sente nashi<\/a><\/strong> &#8211; Es gibt keinen ersten Angriff im Karate<\/p>\n<p><strong><a HREF=\"http:\/\/www.bushido-lubwart.de\/wordpress\/?page_id=1146\">Grunds\u00e4tze f\u00fcr den Sch\u00fcler<\/a><\/strong> &#8211; aufgestellt von Funakoshi Gichin<\/p>\n<p><strong><a HREF=\"http:\/\/www.bushido-lubwart.de\/wordpress\/?page_id=1147\">Ferien sind Ferien<\/a><\/strong> &#8211; Kein Training in den Ferien?<\/p>\n<p><a HREF=\"http:\/\/www.bushido-lubwart.de\/wordpress\/?page_id=1148\"><strong>Ratschl\u00e4ge f\u00fcr das Training<\/strong><\/a> &#8211; Empfehlungen von Funakoshi Gichin<\/p>\n<p><strong><a HREF=\"http:\/\/www.bushido-lubwart.de\/wordpress\/?page_id=1149\">Der Obi<\/a><\/strong> &#8211; Warum einige Karateka Ihren G\u00fcrtel nicht waschen<\/p>\n<p><strong><a HREF=\"http:\/\/www.bushido-lubwart.de\/wordpress\/?page_id=1150\">Bushido<\/a><\/strong> &#8211; Name und Verpflichtung &#8211; \u00dcber die Bedeutung<\/p>\n<p><strong><a HREF=\"http:\/\/www.bushido-lubwart.de\/wordpress\/?page_id=1151\">Shugyo &#8211; Selbstdisziplin<\/a><\/strong> &#8211; Was ist darunter zu verstehen?<\/p>\n<p><strong><a HREF=\"http:\/\/www.bushido-lubwart.de\/wordpress\/?page_id=1152\">Die Kraft des Karate<\/a><\/strong> &#8211; Eine ber\u00fchmte Geschichte mit Funakoshi&#8217;s Anmerkungen<\/p>\n<p><strong><a HREF=\"http:\/\/www.bushido-lubwart.de\/wordpress\/?page_id=1153\">Trainingskritik<\/a><\/strong> &#8211; Kritik an den Trainingsmethoden&#8230;<\/p>\n<p><strong><a HREF=\"http:\/\/www.bushido-lubwart.de\/wordpress\/?page_id=1154\">Beim \u00dcben<\/a><\/strong> &#8211; Hinweise und Empfehlungen Funakoshi Sensei, die beim \u00fcben Beachtung finden sollten<\/p>\n<p><strong><a HREF=\"http:\/\/www.bushido-lubwart.de\/wordpress\/?page_id=1155\">\u00dcbungsregeln<\/a><\/strong> &#8211; Was man beim t\u00e4glichen Training ber\u00fccksichtigen sollte<\/p>\n<p><strong><a HREF=\"http:\/\/www.bushido-lubwart.de\/wordpress\/?page_id=1156\">Das richtige Verhalten<\/a><\/strong> &#8211; Richtiges Aufstehen und Absetzen<\/p>\n<p><strong><a HREF=\"http:\/\/www.bushido-lubwart.de\/wordpress\/?page_id=1157\">Karate hin Karate her<\/a><\/strong> &#8211; Was Du machst Karate?!<\/p>\n<p><strong><a HREF=\"http:\/\/www.bushido-lubwart.de\/wordpress\/?page_id=1158\">Ein Leben lang Karate<\/a><\/strong> &#8211; hei\u00dft ein Leben lang trainieren<\/p>\n<p><strong><a HREF=\"http:\/\/www.bushido-lubwart.de\/wordpress\/?page_id=1159\">leben oder LEBEN<\/a><\/strong> &#8211; Man muss sein Leben leben, als w\u00e4re jeder Tag der letzte<\/p>\n<p><strong><a HREF=\"http:\/\/www.bushido-lubwart.de\/wordpress\/?page_id=1160\">Traditionen<\/a><\/strong> &#8211; Warum haben wir eine so antiquierte Etikette?<\/p>\n<p><strong><a HREF=\"http:\/\/www.bushido-lubwart.de\/wordpress\/?page_id=1161\">Fragen<\/a><\/strong> &#8211; Fragen ohne Antworten<\/p>\n<p><strong><a HREF=\"http:\/\/www.bushido-lubwart.de\/wordpress\/?page_id=1162\">Karate<\/a><\/strong> &#8211; Hoffentlich ist&#8217;s auch das, was Du Dir ertr\u00e4umt hast&#8230;<\/p>\n<p><strong><a HREF=\"http:\/\/www.bushido-lubwart.de\/wordpress\/?page_id=1163\">Ken wa kokoro nari Ken<\/a><\/strong>, die Faust ist das Herz&#8230;<\/p>\n<p><a HREF=\"http:\/\/www.bushido-lubwart.de\/wordpress\/?page_id=1164\"><strong>Seit 10 Jahren dabei<\/strong><\/a> &#8211; Seit 10 Jahren bin ich jetzt schon dabei&#8230; Wie es heute ist und wie es einmal war<\/p>\n","protected":false},"excerpt":{"rendered":"<p>Dehn\u00fcbungen und Schnellkraft &#8211; Kann Dehnung die Schnellkraft erh\u00f6hen? K\u00e4mpfen oder nicht k\u00e4mpfen? &#8211; Gef\u00e4hrliche Situationen im Alltag &#8230; Sempai oder Sensei &#8211; Wie soll ich den Trainer anreden? Wird Karate olympisch? &#8211; Safar Sensei \u00e4u\u00dfert sich zu diesem Thema F\u00fcr Selbstverteidigung muss man einstecken k\u00f6nnen! &#8211; Hartes Training, Schl\u00e4ge auf den Bauch&#8230; sinnvoll oder [&hellip;]<\/p>\n","protected":false},"author":2,"featured_media":0,"parent":1098,"menu_order":3,"comment_status":"open","ping_status":"open","template":"","meta":{"ngg_post_thumbnail":0,"footnotes":""},"class_list":["post-1127","page","type-page","status-publish","hentry"],"_links":{"self":[{"href":"http:\/\/www.bushido-lubwart.de\/wordpress\/wp-json\/wp\/v2\/pages\/1127"}],"collection":[{"href":"http:\/\/www.bushido-lubwart.de\/wordpress\/wp-json\/wp\/v2\/pages"}],"about":[{"href":"http:\/\/www.bushido-lubwart.de\/wordpress\/wp-json\/wp\/v2\/types\/page"}],"author":[{"embeddable":true,"href":"http:\/\/www.bushido-lubwart.de\/wordpress\/wp-json\/wp\/v2\/users\/2"}],"replies":[{"embeddable":true,"href":"http:\/\/www.bushido-lubwart.de\/wordpress\/wp-json\/wp\/v2\/comments?post=1127"}],"version-history":[{"count":0,"href":"http:\/\/www.bushido-lubwart.de\/wordpress\/wp-json\/wp\/v2\/pages\/1127\/revisions"}],"up":[{"embeddable":true,"href":"http:\/\/www.bushido-lubwart.de\/wordpress\/wp-json\/wp\/v2\/pages\/1098"}],"wp:attachment":[{"href":"http:\/\/www.bushido-lubwart.de\/wordpress\/wp-json\/wp\/v2\/media?parent=1127"}],"curies":[{"name":"wp","href":"https:\/\/api.w.org\/{rel}","templated":true}]}}