{"id":1126,"date":"2008-02-26T09:06:46","date_gmt":"2008-02-26T08:06:46","guid":{"rendered":"http:\/\/www.bushido-lubwart.de\/wordpress\/?page_id=1126"},"modified":"2008-02-26T09:06:46","modified_gmt":"2008-02-26T08:06:46","slug":"uber-40-jahre-karate","status":"publish","type":"page","link":"http:\/\/www.bushido-lubwart.de\/wordpress\/karate-and-more\/hintergrunde\/sensei-im-interview\/uber-40-jahre-karate\/","title":{"rendered":"\u00dcber 40 Jahre Karate"},"content":{"rendered":"<p><strong>Sie trainieren Karate schon seit mehr als vierzig Jahren. Was bedeudet Karate-Do f\u00fcr Sie? Was hat das Training ihnen gegeben?<\/strong><\/p>\n<p>Karate-Do ist mein Leben! Ich kann es nicht klarer sagen.<\/p>\n<p>Alles was ich tue, oder getan habe, habe ich dem Karate zu verdanken. Kraft, Weisheit, Ausdauer \u2013 alles kommt vom Karate-Training.<br \/>\nAber das wichtigste ist, dass ich auf meinen Reisen um die Welt, die angenehmsten und nettesten Menschen getroffen habe. Ohne diese Begegnungen, w\u00e4re es nicht dasselbe.<br \/>\nIch f\u00fchle mich immer ausgeglichen. Ich werde nicht w\u00fctend, traurig oder \u00fcberschw\u00e4nglich gl\u00fccklich \u2013 ich f\u00fchle mich einfach nur gut. Durch das Karate-Training habe ich gelernt, die Dinge zu akzeptieren wie sie sind. Einige Menschen m\u00fcssen sich st\u00e4ndig \u00fcber etwas beklagen &#8230; die Sonne, den Wind, das Wetter &#8230; . Ich habe gelernt alles zu akzeptiere, indem ich akzeptiert habe, wie man den K\u00f6rper bewegt, wie man schl\u00e4gt, wie man tritt &#8230; . Und ich habe es auch akzeptiert, dass Sch\u00fcler gehen.<\/p>\n<p>Nakayama-sensei hat immer gesagt: Wichtig ist hier, nicht aber, wer gerade nicht hier ist!<\/p>\n<p><em>Dieses Interview wird auf dieser Seite mit freundlicher Genehmigung von Arnfried Krause, ver\u00f6ffentlicht. Die Texte sind seiner Webseite entnommen, die unter http:\/\/www.shotokan-demmin.de erreichbar ist.<\/em><\/p>\n","protected":false},"excerpt":{"rendered":"<p>Sie trainieren Karate schon seit mehr als vierzig Jahren. Was bedeudet Karate-Do f\u00fcr Sie? Was hat das Training ihnen gegeben? Karate-Do ist mein Leben! Ich kann es nicht klarer sagen. Alles was ich tue, oder getan habe, habe ich dem Karate zu verdanken. Kraft, Weisheit, Ausdauer \u2013 alles kommt vom Karate-Training. Aber das wichtigste ist, [&hellip;]<\/p>\n","protected":false},"author":2,"featured_media":0,"parent":1115,"menu_order":11,"comment_status":"open","ping_status":"open","template":"","meta":{"ngg_post_thumbnail":0,"footnotes":""},"class_list":["post-1126","page","type-page","status-publish","hentry"],"_links":{"self":[{"href":"http:\/\/www.bushido-lubwart.de\/wordpress\/wp-json\/wp\/v2\/pages\/1126"}],"collection":[{"href":"http:\/\/www.bushido-lubwart.de\/wordpress\/wp-json\/wp\/v2\/pages"}],"about":[{"href":"http:\/\/www.bushido-lubwart.de\/wordpress\/wp-json\/wp\/v2\/types\/page"}],"author":[{"embeddable":true,"href":"http:\/\/www.bushido-lubwart.de\/wordpress\/wp-json\/wp\/v2\/users\/2"}],"replies":[{"embeddable":true,"href":"http:\/\/www.bushido-lubwart.de\/wordpress\/wp-json\/wp\/v2\/comments?post=1126"}],"version-history":[{"count":0,"href":"http:\/\/www.bushido-lubwart.de\/wordpress\/wp-json\/wp\/v2\/pages\/1126\/revisions"}],"up":[{"embeddable":true,"href":"http:\/\/www.bushido-lubwart.de\/wordpress\/wp-json\/wp\/v2\/pages\/1115"}],"wp:attachment":[{"href":"http:\/\/www.bushido-lubwart.de\/wordpress\/wp-json\/wp\/v2\/media?parent=1126"}],"curies":[{"name":"wp","href":"https:\/\/api.w.org\/{rel}","templated":true}]}}