{"id":1124,"date":"2008-02-26T09:05:35","date_gmt":"2008-02-26T08:05:35","guid":{"rendered":"http:\/\/www.bushido-lubwart.de\/wordpress\/?page_id=1124"},"modified":"2008-02-29T11:08:57","modified_gmt":"2008-02-29T10:08:57","slug":"muss-man-unterrichten-konnen","status":"publish","type":"page","link":"http:\/\/www.bushido-lubwart.de\/wordpress\/karate-and-more\/hintergrunde\/sensei-im-interview\/muss-man-unterrichten-konnen\/","title":{"rendered":"Muss man unterrichten k\u00f6nnen"},"content":{"rendered":"<p><img ALIGN=\"right\" HEIGHT=\"200\" WIDTH=\"200\" VSPACE=\"10\" HSPACE=\"10\" BORDER=\"0\" SRC=\"http:\/\/www.bushido-lubwart.de\/wordpress\/wp-content\/uploads\/2008\/02\/safar2.jpg\" \/><strong>Sensei, in der Pr\u00fcfungsordnung der A.J.K.A. muss ab dem dritten Dan die F\u00e4higkeit andere zu unterrichten nachgewiesen werden. Denken Sie dass Fortschritt von einem bestimmten Punkt an unm\u00f6glich ist, wenn man nicht selber unterrichtet?<\/strong><\/p>\n<p>Genauso ist es! Ich selber habe Karate nicht wirklich angefangen zu verstehen, bevor ich nicht selber unterrichtet habe.<\/p>\n<p>Einem anderen etwas beizubringen bedeutet immer auch, sich selbst etwas beizubringen. Ich hatte gute Fausttechniken und konnte eine gute Kata machen, aber Karate hatte ich bis zu diesem Punkt \u00fcberhaupt nicht verstanden. Jedes mal wenn ich etwas erkl\u00e4ren muss, lerne ich etwas. Man muss versuchen jeden Tag etwas zu lernen! Sogar aus Pr\u00fcfungen kann ich etwas lernen, wenn die Pr\u00fcflinge ab dem vierten Dan ihre schriftliche Arbeiten abliefern.<\/p>\n<p>Anm.: Das Pr\u00fcfungsprogramm der AJKA orientiert sich eng an dem Originalprogramm der JKA, so wie es von Nakayama-sensei angewandt wurde.<\/p>\n<p><em>Dieses Interview wird auf dieser Seite mit freundlicher Genehmigung von Arnfried Krause, ver\u00f6ffentlicht. Die Texte sind seiner Webseite entnommen, die unter http:\/\/www.shotokan-demmin.de erreichbar ist.<\/em><\/p>\n","protected":false},"excerpt":{"rendered":"<p>Sensei, in der Pr\u00fcfungsordnung der A.J.K.A. muss ab dem dritten Dan die F\u00e4higkeit andere zu unterrichten nachgewiesen werden. Denken Sie dass Fortschritt von einem bestimmten Punkt an unm\u00f6glich ist, wenn man nicht selber unterrichtet? Genauso ist es! Ich selber habe Karate nicht wirklich angefangen zu verstehen, bevor ich nicht selber unterrichtet habe. Einem anderen etwas [&hellip;]<\/p>\n","protected":false},"author":2,"featured_media":0,"parent":1115,"menu_order":9,"comment_status":"open","ping_status":"open","template":"","meta":{"ngg_post_thumbnail":0,"footnotes":""},"class_list":["post-1124","page","type-page","status-publish","hentry"],"_links":{"self":[{"href":"http:\/\/www.bushido-lubwart.de\/wordpress\/wp-json\/wp\/v2\/pages\/1124"}],"collection":[{"href":"http:\/\/www.bushido-lubwart.de\/wordpress\/wp-json\/wp\/v2\/pages"}],"about":[{"href":"http:\/\/www.bushido-lubwart.de\/wordpress\/wp-json\/wp\/v2\/types\/page"}],"author":[{"embeddable":true,"href":"http:\/\/www.bushido-lubwart.de\/wordpress\/wp-json\/wp\/v2\/users\/2"}],"replies":[{"embeddable":true,"href":"http:\/\/www.bushido-lubwart.de\/wordpress\/wp-json\/wp\/v2\/comments?post=1124"}],"version-history":[{"count":0,"href":"http:\/\/www.bushido-lubwart.de\/wordpress\/wp-json\/wp\/v2\/pages\/1124\/revisions"}],"up":[{"embeddable":true,"href":"http:\/\/www.bushido-lubwart.de\/wordpress\/wp-json\/wp\/v2\/pages\/1115"}],"wp:attachment":[{"href":"http:\/\/www.bushido-lubwart.de\/wordpress\/wp-json\/wp\/v2\/media?parent=1124"}],"curies":[{"name":"wp","href":"https:\/\/api.w.org\/{rel}","templated":true}]}}