{"id":1117,"date":"2008-02-26T09:00:52","date_gmt":"2008-02-26T08:00:52","guid":{"rendered":"http:\/\/www.bushido-lubwart.de\/wordpress\/?page_id=1117"},"modified":"2008-02-26T09:00:52","modified_gmt":"2008-02-26T08:00:52","slug":"wettkampfe","status":"publish","type":"page","link":"http:\/\/www.bushido-lubwart.de\/wordpress\/karate-and-more\/hintergrunde\/sensei-im-interview\/wettkampfe\/","title":{"rendered":"Wettk\u00e4mpfe"},"content":{"rendered":"<p><strong>Sensei, wir haben bereits das Thema Wettkampf angeschnitten. Wie ist ihre pers\u00f6nliche Einstellung dazu?<\/strong><\/p>\n<p>Das h\u00e4ngt von dem jeweiligen Wettkampf ab. F\u00fcr einen guten Vergleich braucht man einen hohen Standard. Das gilt nicht nur f\u00fcr die Wettk\u00e4mpfer, sondern in gleichem Ma\u00dfe auch f\u00fcr die Instruktoren und besonders f\u00fcr die Schiedsrichter. Ohne diese Standards ist es unm\u00f6glich einen guten Wettkampf durchzuf\u00fchren.<\/p>\n<p>Schlechte Wettk\u00e4mpfe schaden dem Karate-Do mehr, als es ein totaler Verzicht auf Wettk\u00e4mpfe an sich tun w\u00fcrde!<\/p>\n<p>Wie ich bereits gesagt habe, wir haben niemals extra f\u00fcr Wettk\u00e4mpfe trainiert. Aber wenn wir zum Wettkampf gefahren sind, dann haben wir gewonnen! Das beweist, das wir Recht hatten. Es gibt keine zwei Arten von Training. Es gibt nur eins: Karate-Training.<\/p>\n<p><em>Dieses Interview wird auf dieser Seite mit freundlicher Genehmigung von Arnfried Krause, ver\u00f6ffentlicht. Die Texte sind seiner Webseite entnommen, die unter http:\/\/www.shotokan-demmin.de erreichbar ist.<\/em><\/p>\n","protected":false},"excerpt":{"rendered":"<p>Sensei, wir haben bereits das Thema Wettkampf angeschnitten. Wie ist ihre pers\u00f6nliche Einstellung dazu? Das h\u00e4ngt von dem jeweiligen Wettkampf ab. F\u00fcr einen guten Vergleich braucht man einen hohen Standard. Das gilt nicht nur f\u00fcr die Wettk\u00e4mpfer, sondern in gleichem Ma\u00dfe auch f\u00fcr die Instruktoren und besonders f\u00fcr die Schiedsrichter. Ohne diese Standards ist es [&hellip;]<\/p>\n","protected":false},"author":2,"featured_media":0,"parent":1115,"menu_order":2,"comment_status":"open","ping_status":"open","template":"","meta":{"ngg_post_thumbnail":0,"footnotes":""},"class_list":["post-1117","page","type-page","status-publish","hentry"],"_links":{"self":[{"href":"http:\/\/www.bushido-lubwart.de\/wordpress\/wp-json\/wp\/v2\/pages\/1117"}],"collection":[{"href":"http:\/\/www.bushido-lubwart.de\/wordpress\/wp-json\/wp\/v2\/pages"}],"about":[{"href":"http:\/\/www.bushido-lubwart.de\/wordpress\/wp-json\/wp\/v2\/types\/page"}],"author":[{"embeddable":true,"href":"http:\/\/www.bushido-lubwart.de\/wordpress\/wp-json\/wp\/v2\/users\/2"}],"replies":[{"embeddable":true,"href":"http:\/\/www.bushido-lubwart.de\/wordpress\/wp-json\/wp\/v2\/comments?post=1117"}],"version-history":[{"count":0,"href":"http:\/\/www.bushido-lubwart.de\/wordpress\/wp-json\/wp\/v2\/pages\/1117\/revisions"}],"up":[{"embeddable":true,"href":"http:\/\/www.bushido-lubwart.de\/wordpress\/wp-json\/wp\/v2\/pages\/1115"}],"wp:attachment":[{"href":"http:\/\/www.bushido-lubwart.de\/wordpress\/wp-json\/wp\/v2\/media?parent=1117"}],"curies":[{"name":"wp","href":"https:\/\/api.w.org\/{rel}","templated":true}]}}