{"id":1115,"date":"2008-02-26T08:59:17","date_gmt":"2008-02-26T07:59:17","guid":{"rendered":"http:\/\/www.bushido-lubwart.de\/wordpress\/?page_id=1115"},"modified":"2008-02-29T11:06:16","modified_gmt":"2008-02-29T10:06:16","slug":"sensei-im-interview","status":"publish","type":"page","link":"http:\/\/www.bushido-lubwart.de\/wordpress\/karate-and-more\/hintergrunde\/sensei-im-interview\/","title":{"rendered":"Sensei im Interview"},"content":{"rendered":"<p>Das nachfolgende Interview mit <a HREF=\"http:\/\/www.bushido-lubwart.de\/wordpress\/?page_id=1040\">Sensei Leslie B. S\u00e1f\u00e1r<\/a>, 8. Dan, Pr\u00e4sident und Technischer Direktor der American JKA Karate Association ist anl\u00e4sslich eines Besuchs im Dojo des Karate-D\u00f5 Demmin e.V. am 15. November 2001 entstanden. Sensei S\u00e1f\u00e1r trainiert seit mehr als vierzig Jahren Karate-D\u00f5. Er hat unter so bekannten Meistern wie Nakayama, Okazaki und Nishiyama gelernt, ist lizensierter JKA-Instruktor und \u2013pr\u00fcfer.<\/p>\n<p><img ALIGN=\"right\" HEIGHT=\"300\" WIDTH=\"216\" VSPACE=\"10\" HSPACE=\"10\" BORDER=\"0\" SRC=\"http:\/\/www.bushido-lubwart.de\/wordpress\/wp-content\/uploads\/2008\/02\/safar1.jpg\" \/>Dar\u00fcber hinaus ist Sensei S\u00e1f\u00e1r Professor der Universit\u00e4t von Long Island, New York. Hier hat er an langj\u00e4hrigen Forschungsprogrammen \u00fcber Karate-D\u00f5 mitgewirkt. Im Ergebnis dieser wissenschaftlichen Untersuchungen sind mehrere B\u00fccher ver\u00f6ffentlicht worden, u.a. &#8222;Modernes Karate\u201c von Okazaki u. Stricevic.<\/p>\n<p>Heute lebt und unterrichtet er \u00fcberwiegend in seiner alten Heimat Ungarn, die er wegen des Einmarsches der sowjetischen Truppen 1956 verlassen hatte. Seit seiner R\u00fcckkehr vor vier Jahren, widmet er seine ganze Kraft der F\u00f6rderung des Shotokan-Karate in seiner Heimat. Ein erstes mehrj\u00e4hriges Instruktorenprogramm nach dem Vorbild seiner eigenen Ausbildung und Erfahrungen konnte bereits erfolgreich abgeschlossen werden. Der Inhalt der Ausildung ist an den Ergebnissen der Forschungsprogramme orientiert. Am Ende des Instruktortrainings f\u00fchrt eine Pr\u00fcfung zum Erwerb einer von der Universit\u00e4t von Long Island anerkannten Trainerbef\u00e4higung.<\/p>\n<p>Die American JKA Karate Association wurde als unabh\u00e4ngige JKA-Stil orientierte Organisation von den beiden JKA-Instructoren Ray Dahlke und Leslie B. S\u00e1f\u00e1r mitbegr\u00fcndet.<\/p>\n<p><strong>Fragen an Safar Sensei<\/strong><\/p>\n<ul>\n<li><strong><a HREF=\"http:\/\/www.bushido-lubwart.de\/wordpress\/?page_id=1116\">Wer war Nakayama Sensei?<\/a><\/strong> &#8211; Sie erz\u00e4hlen oft Anekdoten von Nakayama-sensei. Was war er f\u00fcr ein Mensch?<\/li>\n<li><a HREF=\"http:\/\/www.bushido-lubwart.de\/wordpress\/?page_id=1117\"><strong>Wettk\u00e4mpfe<\/strong><\/a>,  wir haben bereits das Thema Wettkampf angeschnitten. Wie ist ihre pers\u00f6nliche Einstellung dazu?<\/li>\n<li><strong><a HREF=\"http:\/\/www.bushido-lubwart.de\/wordpress\/?page_id=1118\">Kata und Kumite<\/a><\/strong> -Bitte erl\u00e4utern Sie uns die Bedeutung des Trainings der Kata und seine Verbindung zum Kumite.<\/li>\n<li><a HREF=\"http:\/\/www.bushido-lubwart.de\/wordpress\/?page_id=1119\"><strong>Warum Karate<\/strong><\/a> &#8211; Sensei, w\u00fcrden Sie uns bitte erz\u00e4hlen wann und warum Sie mit dem Karate-Training angefangen haben?<\/li>\n<li><strong><a HREF=\"http:\/\/www.bushido-lubwart.de\/wordpress\/?page_id=1120\">Training in alten Zeiten<\/a><\/strong> &#8211; Wenn Sie das Training damals mit heute vergleichen, was ist anders geworden, was hat sich ver\u00e4ndert?<\/li>\n<li><strong><a HREF=\"http:\/\/www.bushido-lubwart.de\/wordpress\/?page_id=1121\">JKA-Instruktor-Lizenz<\/a><\/strong> &#8211; Sensei, sie sind im Besitz einer offiziellen JKA-Instruktorlizenz. Bitte erz\u00e4hlen Sie uns, wie sie JKA-Instruktor geworden sind.<\/li>\n<li><strong><a HREF=\"http:\/\/www.bushido-lubwart.de\/wordpress\/?page_id=1122\">Die wichtigen Punkte im Kumite<\/a><\/strong> &#8211; Im Kumite-Training kommen Sie immer auf die vier wichtigen Punkte Reaktion, Timing, Kontrolle und Distanz zu sprechen. Was hat es damit auf sich?<\/li>\n<li><strong><a HREF=\"http:\/\/www.bushido-lubwart.de\/wordpress\/?page_id=1123\">Karate-Forschung<\/a><\/strong> &#8211; Sensei, sie waren in ein 20 Millionen-Dollar schweres Forschungsprogramm an der Universit\u00e4t von Long Island, New York eingebunden. Wie haben die Forschungsergebnisse ihre Art Karate zu unterrichten beeinflusst?<\/li>\n<li><strong><a HREF=\"http:\/\/www.bushido-lubwart.de\/wordpress\/?page_id=1124\">Muss man unterrichten k\u00f6nnen?<\/a><\/strong> &#8211; Sensei, in der Pr\u00fcfungsordnung der A.J.K.A. muss ab dem dritten Dan die F\u00e4higkeit andere zu unterrichten nachgewiesen werden. Denken Sie dass Fortschritt von einem bestimmten Punkt an unm\u00f6glich ist, wenn man nicht selber unterrichtet?<\/li>\n<li><strong><a HREF=\"http:\/\/www.bushido-lubwart.de\/wordpress\/?page_id=1125\">Viele Wiederholungen<\/a><\/strong> &#8211; Bitte erkl\u00e4ren Sie uns die Bedeutung der vielen Wiederholungen im Karate-Training.<\/li>\n<li><strong><a HREF=\"http:\/\/www.bushido-lubwart.de\/wordpress\/?page_id=1126\">\u00dcber 40 Jahre Karate<\/a><\/strong> &#8211; Sie trainieren Karate schon seit mehr als vierzig Jahren. Was bedeudet Karate-Do f\u00fcr Sie? Was hat das Training ihnen gegeben?<\/li>\n<\/ul>\n<p><em>Dieses Interview wird auf dieser Seite mit freundlicher Genehmigung von Arnfried Krause, ver\u00f6ffentlicht. Die Texte sind seiner Webseite entnommen, die unter http:\/\/www.shotokan-demmin.de erreichbar ist.<\/em><\/p>\n","protected":false},"excerpt":{"rendered":"<p>Das nachfolgende Interview mit Sensei Leslie B. S\u00e1f\u00e1r, 8. Dan, Pr\u00e4sident und Technischer Direktor der American JKA Karate Association ist anl\u00e4sslich eines Besuchs im Dojo des Karate-D\u00f5 Demmin e.V. am 15. November 2001 entstanden. Sensei S\u00e1f\u00e1r trainiert seit mehr als vierzig Jahren Karate-D\u00f5. Er hat unter so bekannten Meistern wie Nakayama, Okazaki und Nishiyama gelernt, [&hellip;]<\/p>\n","protected":false},"author":2,"featured_media":0,"parent":1098,"menu_order":2,"comment_status":"open","ping_status":"open","template":"","meta":{"ngg_post_thumbnail":0,"footnotes":""},"class_list":["post-1115","page","type-page","status-publish","hentry"],"_links":{"self":[{"href":"http:\/\/www.bushido-lubwart.de\/wordpress\/wp-json\/wp\/v2\/pages\/1115"}],"collection":[{"href":"http:\/\/www.bushido-lubwart.de\/wordpress\/wp-json\/wp\/v2\/pages"}],"about":[{"href":"http:\/\/www.bushido-lubwart.de\/wordpress\/wp-json\/wp\/v2\/types\/page"}],"author":[{"embeddable":true,"href":"http:\/\/www.bushido-lubwart.de\/wordpress\/wp-json\/wp\/v2\/users\/2"}],"replies":[{"embeddable":true,"href":"http:\/\/www.bushido-lubwart.de\/wordpress\/wp-json\/wp\/v2\/comments?post=1115"}],"version-history":[{"count":0,"href":"http:\/\/www.bushido-lubwart.de\/wordpress\/wp-json\/wp\/v2\/pages\/1115\/revisions"}],"up":[{"embeddable":true,"href":"http:\/\/www.bushido-lubwart.de\/wordpress\/wp-json\/wp\/v2\/pages\/1098"}],"wp:attachment":[{"href":"http:\/\/www.bushido-lubwart.de\/wordpress\/wp-json\/wp\/v2\/media?parent=1115"}],"curies":[{"name":"wp","href":"https:\/\/api.w.org\/{rel}","templated":true}]}}