{"id":1113,"date":"2008-02-26T08:55:01","date_gmt":"2008-02-26T07:55:01","guid":{"rendered":"http:\/\/www.bushido-lubwart.de\/wordpress\/?page_id=1113"},"modified":"2008-02-26T08:55:01","modified_gmt":"2008-02-26T07:55:01","slug":"wie-lange-noch","status":"publish","type":"page","link":"http:\/\/www.bushido-lubwart.de\/wordpress\/karate-and-more\/hintergrunde\/der-meister-erzahlt\/wie-lange-noch\/","title":{"rendered":"Wie lange noch?"},"content":{"rendered":"<p>&#8222;Sensei, Sie sind jetzt 67 Jahre alt, wie lange noch wollen Sie Karate unterrichten?&#8220;<\/p>\n<p>Auf diese Frage eines Reporters begann Safar Sensei zu l\u00e4cheln und antwortete:<\/p>\n<p>&#8222;Tja, so lange wie es n\u00f6tig ist. Ich w\u00fcnsche mir, dass ich eines Tages so wie Funakoshi Sensei einfach nur still daneben sitzen und mich am Training erfreuen kann.<\/p>\n<p>Wir werden alle mit jedem Tag \u00e4lter doch wir m\u00fcssen unser Wissen an die n\u00e4chste Generation weitergeben. Wenn meine Sch\u00fcler mein Wissen erreicht haben, dann kann ich mich zur Ruhe setzen und diese das Training \u00fcbernehmen lassen. Dann kann ich beruhigt daneben setzen, still l\u00e4chelnd das Training beobachten und mich daran erfreuen und mir sagen &#8218;Ja, genauso habe ich mir das vorgestellt&#8230;&#8216;.<\/p>\n<p>Es ist mein Lebensziel, dass meine Sch\u00fcler irgendwann einmal an meine Stelle treten k\u00f6nnen, mein Wissen haben, denn irgendwann werde ich nicht mehr sein.<\/p>\n<p>Sie kennen Plato&#8217;s Ausspruch, dass die Kinder von heute unsere Zukunft von morgen sind. Wir m\u00fcssen unsere Kinder erziehen, denn die Kinder von heute sind die Pr\u00e4sidenten von morgen. Wenn wir nicht darauf achten, werden wir die Konsequenzen zu tragen haben.&#8220;<\/p>\n","protected":false},"excerpt":{"rendered":"<p>&#8222;Sensei, Sie sind jetzt 67 Jahre alt, wie lange noch wollen Sie Karate unterrichten?&#8220; Auf diese Frage eines Reporters begann Safar Sensei zu l\u00e4cheln und antwortete: &#8222;Tja, so lange wie es n\u00f6tig ist. Ich w\u00fcnsche mir, dass ich eines Tages so wie Funakoshi Sensei einfach nur still daneben sitzen und mich am Training erfreuen kann. [&hellip;]<\/p>\n","protected":false},"author":2,"featured_media":0,"parent":1099,"menu_order":14,"comment_status":"open","ping_status":"open","template":"","meta":{"ngg_post_thumbnail":0,"footnotes":""},"class_list":["post-1113","page","type-page","status-publish","hentry"],"_links":{"self":[{"href":"http:\/\/www.bushido-lubwart.de\/wordpress\/wp-json\/wp\/v2\/pages\/1113"}],"collection":[{"href":"http:\/\/www.bushido-lubwart.de\/wordpress\/wp-json\/wp\/v2\/pages"}],"about":[{"href":"http:\/\/www.bushido-lubwart.de\/wordpress\/wp-json\/wp\/v2\/types\/page"}],"author":[{"embeddable":true,"href":"http:\/\/www.bushido-lubwart.de\/wordpress\/wp-json\/wp\/v2\/users\/2"}],"replies":[{"embeddable":true,"href":"http:\/\/www.bushido-lubwart.de\/wordpress\/wp-json\/wp\/v2\/comments?post=1113"}],"version-history":[{"count":0,"href":"http:\/\/www.bushido-lubwart.de\/wordpress\/wp-json\/wp\/v2\/pages\/1113\/revisions"}],"up":[{"embeddable":true,"href":"http:\/\/www.bushido-lubwart.de\/wordpress\/wp-json\/wp\/v2\/pages\/1099"}],"wp:attachment":[{"href":"http:\/\/www.bushido-lubwart.de\/wordpress\/wp-json\/wp\/v2\/media?parent=1113"}],"curies":[{"name":"wp","href":"https:\/\/api.w.org\/{rel}","templated":true}]}}