{"id":1104,"date":"2008-02-26T08:51:04","date_gmt":"2008-02-26T07:51:04","guid":{"rendered":"http:\/\/www.bushido-lubwart.de\/wordpress\/?page_id=1104"},"modified":"2008-02-26T08:51:04","modified_gmt":"2008-02-26T07:51:04","slug":"dojokun","status":"publish","type":"page","link":"http:\/\/www.bushido-lubwart.de\/wordpress\/karate-and-more\/hintergrunde\/der-meister-erzahlt\/dojokun\/","title":{"rendered":"Dojokun"},"content":{"rendered":"<p>In einigen Dojo werden am Ende des Trainings die Dojokun rezitiert. Ich habe dies bisher nicht tun lassen, beim letzten Lehrgang mit Sensei fragte ich ihn.<\/p>\n<p>&#8222;Sensei, die Dojokun werden in Japan eigentlich nur beim Kinder-Training rezitiert&#8230;&#8220;<\/p>\n<p>&#8222;Ja, das ist richtig,&#8220; antwortete Sensei.<\/p>\n<p>Ich fragte weiter: &#8222;Sollen wir die Dojokun nun auch beim Training der Erwachsenen \u00fcbernehmen? Manchmal erscheint es mit n\u00e4mlich, dass die Westler nicht selten japanischer sein wollen als die Japaner selbst.&#8220;<\/p>\n<p>Sensei antwortete ohne lange zu \u00fcberlegen: &#8222;Auch wir haben im Instructor-Kurs am Ende jeden Trainings die Dojokun rezitiert. Nakayama Sensei hat hierauf gro\u00dfen Wert gelegt. Es ist wichtig, dass man sich immer wieder an die f\u00fcnf wichtigen Begriffe Charakter, Aufrichtigkeit, Bem\u00fchen, H\u00f6flichkeit, Selbstkontrolle erinnert.&#8220;<\/p>\n<p>&#8222;Sollten wir nun die Dojokun auch \u00fcbernehmen?&#8220;<\/p>\n<p>&#8222;Nun, das liegt letztlich an euch,&#8220; sagte Sensei. &#8222;Ich w\u00fcrde sie rezitieren lassen. Sowohl bei den Kindern als auch bei den Erwachsenen. Aber es darf nicht zum reinen Selbstzweck werden. Man muss den Worten einen Sinn geben und die Leute auch dar\u00fcber nachdenken lassen. Nur dann haben die Dojokun auch wirklich einen Wert. So lange in einer Trainingsgruppe nicht alle die durch die Dojokun vermittelten Werte verinnerlicht haben, m\u00fcssen diese rezitiert werden.&#8220;<\/p>\n<p>Die Dojokun mit ihren f\u00fcnf Schlagworten sind sehr kurz geraten. Wenn man die japanischen Dojokun \u00fcbersetzt, so sind sie doch recht lang. Aber: Es ist nicht wichtig, was gesagt wird, sondern was dahinter steht.<\/p>\n<p>Diese f\u00fcnf kurzen Worte sind einpr\u00e4gsam und sollten uns immer wieder an das Wesentliche erinnern. Dabei sollte man aber immer wieder aufs neue an die dahinter stehende Bedeutung denken.<\/p>\n","protected":false},"excerpt":{"rendered":"<p>In einigen Dojo werden am Ende des Trainings die Dojokun rezitiert. Ich habe dies bisher nicht tun lassen, beim letzten Lehrgang mit Sensei fragte ich ihn. &#8222;Sensei, die Dojokun werden in Japan eigentlich nur beim Kinder-Training rezitiert&#8230;&#8220; &#8222;Ja, das ist richtig,&#8220; antwortete Sensei. Ich fragte weiter: &#8222;Sollen wir die Dojokun nun auch beim Training der [&hellip;]<\/p>\n","protected":false},"author":2,"featured_media":0,"parent":1099,"menu_order":5,"comment_status":"open","ping_status":"open","template":"","meta":{"ngg_post_thumbnail":0,"footnotes":""},"class_list":["post-1104","page","type-page","status-publish","hentry"],"_links":{"self":[{"href":"http:\/\/www.bushido-lubwart.de\/wordpress\/wp-json\/wp\/v2\/pages\/1104"}],"collection":[{"href":"http:\/\/www.bushido-lubwart.de\/wordpress\/wp-json\/wp\/v2\/pages"}],"about":[{"href":"http:\/\/www.bushido-lubwart.de\/wordpress\/wp-json\/wp\/v2\/types\/page"}],"author":[{"embeddable":true,"href":"http:\/\/www.bushido-lubwart.de\/wordpress\/wp-json\/wp\/v2\/users\/2"}],"replies":[{"embeddable":true,"href":"http:\/\/www.bushido-lubwart.de\/wordpress\/wp-json\/wp\/v2\/comments?post=1104"}],"version-history":[{"count":0,"href":"http:\/\/www.bushido-lubwart.de\/wordpress\/wp-json\/wp\/v2\/pages\/1104\/revisions"}],"up":[{"embeddable":true,"href":"http:\/\/www.bushido-lubwart.de\/wordpress\/wp-json\/wp\/v2\/pages\/1099"}],"wp:attachment":[{"href":"http:\/\/www.bushido-lubwart.de\/wordpress\/wp-json\/wp\/v2\/media?parent=1104"}],"curies":[{"name":"wp","href":"https:\/\/api.w.org\/{rel}","templated":true}]}}