{"id":1102,"date":"2008-02-26T08:50:10","date_gmt":"2008-02-26T07:50:10","guid":{"rendered":"http:\/\/www.bushido-lubwart.de\/wordpress\/?page_id=1102"},"modified":"2008-02-26T08:50:10","modified_gmt":"2008-02-26T07:50:10","slug":"instructor-class","status":"publish","type":"page","link":"http:\/\/www.bushido-lubwart.de\/wordpress\/karate-and-more\/hintergrunde\/der-meister-erzahlt\/instructor-class\/","title":{"rendered":"Instructor-Class"},"content":{"rendered":"<p>Wie war das Instruktor-Training?<\/p>\n<p>&#8222;Das war hart,&#8220; entgegnet Sensei sofort ohne zu Z\u00f6gern.<\/p>\n<p>&#8222;Schon bei der Auswahl. Es gab f\u00fcr den ersten Instruktor-Course in den USA &#8211; \u00fcbrigens der erste der \u00fcberhaupt au\u00dferhalb Japans stattfand, einfach zu viele Bewerber. Nakayama Sensei ging mit all den Bewerbern einfach ins Stadion und dann ging es mit H\u00e4schen H\u00fcpf rings um den Platz herum. Von Zeit zu Zeit schaute sich Nakayama Sensei um und wie er sah, dass noch immer zu viele Bewerber dabei waren ging es weiter. Zu guter letzt waren wir dann doch zu wenig, so dass Nakayama Sensei den zuletzt ausgeschiedenen die Teilnahme gestattete.<\/p>\n<p>Dieser Instructor-Course war ein Fulltime-Programm. Wir hatten am Morgen und am Nachmittag jeweils 2 Trainingseinheiten &#8211; also 4 Trainingseinheiten am Tag (Anm. 1 TE ging \u00fcber ca. 2 Stunden). In der Nacht ging ich dann zur Arbeit &#8211; von irgendetwas musste ich ja auch leben. Geschlafen habe ich zwischendurch.<\/p>\n<p>Von den insgesamt 20 Teilnehmern am ersten Instructor-Course haben nur 3 \u00fcberhaupt diesen Kurs erfolgreich abgeschlossen.&#8220;<\/p>\n<p>Dieses Instructor-Programm hat Safar Sensei insgesamt zweimal durchlaufen. Sp\u00e4ter gab es leider durch die JKA selbst keine Neuauflage mehr.<\/p>\n","protected":false},"excerpt":{"rendered":"<p>Wie war das Instruktor-Training? &#8222;Das war hart,&#8220; entgegnet Sensei sofort ohne zu Z\u00f6gern. &#8222;Schon bei der Auswahl. Es gab f\u00fcr den ersten Instruktor-Course in den USA &#8211; \u00fcbrigens der erste der \u00fcberhaupt au\u00dferhalb Japans stattfand, einfach zu viele Bewerber. Nakayama Sensei ging mit all den Bewerbern einfach ins Stadion und dann ging es mit H\u00e4schen [&hellip;]<\/p>\n","protected":false},"author":2,"featured_media":0,"parent":1099,"menu_order":3,"comment_status":"open","ping_status":"open","template":"","meta":{"ngg_post_thumbnail":0,"footnotes":""},"class_list":["post-1102","page","type-page","status-publish","hentry"],"_links":{"self":[{"href":"http:\/\/www.bushido-lubwart.de\/wordpress\/wp-json\/wp\/v2\/pages\/1102"}],"collection":[{"href":"http:\/\/www.bushido-lubwart.de\/wordpress\/wp-json\/wp\/v2\/pages"}],"about":[{"href":"http:\/\/www.bushido-lubwart.de\/wordpress\/wp-json\/wp\/v2\/types\/page"}],"author":[{"embeddable":true,"href":"http:\/\/www.bushido-lubwart.de\/wordpress\/wp-json\/wp\/v2\/users\/2"}],"replies":[{"embeddable":true,"href":"http:\/\/www.bushido-lubwart.de\/wordpress\/wp-json\/wp\/v2\/comments?post=1102"}],"version-history":[{"count":0,"href":"http:\/\/www.bushido-lubwart.de\/wordpress\/wp-json\/wp\/v2\/pages\/1102\/revisions"}],"up":[{"embeddable":true,"href":"http:\/\/www.bushido-lubwart.de\/wordpress\/wp-json\/wp\/v2\/pages\/1099"}],"wp:attachment":[{"href":"http:\/\/www.bushido-lubwart.de\/wordpress\/wp-json\/wp\/v2\/media?parent=1102"}],"curies":[{"name":"wp","href":"https:\/\/api.w.org\/{rel}","templated":true}]}}