{"id":1095,"date":"2008-02-25T19:58:39","date_gmt":"2008-02-25T18:58:39","guid":{"rendered":"http:\/\/www.bushido-lubwart.de\/wordpress\/?page_id=1095"},"modified":"2008-02-25T19:58:39","modified_gmt":"2008-02-25T18:58:39","slug":"diverse-begriffe","status":"publish","type":"page","link":"http:\/\/www.bushido-lubwart.de\/wordpress\/karate-and-more\/japanisch\/diverse-begriffe\/","title":{"rendered":"Diverse Begriffe"},"content":{"rendered":"<p><strong>BUDO<\/strong> Kampfk\u00fcnste<\/p>\n<p><strong>BUNKAI<\/strong> Demonstration der Bedeutung von Kata-Bewegungen mit einem oder mehreren Partner\/n<\/p>\n<p><strong>DAN<\/strong> Meistergrad<\/p>\n<p><strong>DEAI<\/strong> Einem Angriff zuvorkommen mit eigenem Angriff<\/p>\n<p><strong>DOJO<\/strong> \u00dcbungsraum, Club\/Verein,<\/p>\n<p><strong>DO<\/strong> Weg<\/p>\n<p><strong>HARA<\/strong> \/ <strong>TANDEN<\/strong> = Bauch, Schwerzentrum, Schwerpunkt<\/p>\n<p><strong>HIKITE<\/strong> Zur\u00fcckziehen der Faust an die H\u00fcfte<\/p>\n<p><strong>JKA<\/strong> Japan-Karate-Association<\/p>\n<p><strong>KARATE<\/strong> Weg der &#8222;leeren&#8220; Hand, Karate-Do<\/p>\n<p><strong>KARA<\/strong> leer, hohl<\/p>\n<p><strong>TE<\/strong> Hand<\/p>\n<p><strong>DO<\/strong> Weg (&#8222;leer&#8220; bzw. &#8222;hohl&#8220; hat hier die philosophische Bedeutung im Sinne von &#8222;sich<br \/>\nvon allen Gedanken freimachen, den Geist kl\u00e4ren&#8220;, das hei\u00dft, &#8222;das Ich zu befreien und es<br \/>\nmit der Leere des Universums zu verschmelzen&#8220;), Auf Okinawa lautete die urspr\u00fcngliche<br \/>\nBezeichnung der aus China eingef\u00fchrten Kampfsysteme To-De (&#8222;aus China kommende<br \/>\nTechniken&#8220;), japanisch Kara-Te. Diese Kampfsysteme wurden sp\u00e4ter auch Okinawa-Te<br \/>\ngenannt. Meister Gichin Funakoshi (1868-1957) \u00e4nderte das urspr\u00fcngliche chinesische<br \/>\nSchriftzeichen, das man als To (&#8222;symbolisch f\u00fcr alles von China Kommende&#8220;) oder<br \/>\njapanisch Kara liest und ersetzte es durch ein neues Zeichen, das man ku = Himmel, oder auch kara (aber mit der philosophischen Bedeutung von &#8222;leer&#8220;) liest.<\/p>\n<p><strong>KARATEGI<\/strong> Karate-Bekleidung<\/p>\n<p><strong>KARATEKA<\/strong> Karatetreibende\/r<\/p>\n<p><strong>KI<\/strong> innere Energie<\/p>\n<p><strong>KIAI<\/strong> H\u00f6chster Krafteinsatz in Verbindung mit h\u00f6rbarem Ausatmen und Kampfschrei<\/p>\n<p><strong>KIME<\/strong> ist das wesentliche Prinzip jeder Karatetechnik. Kime bedeutet die<br \/>\nexplosionsartige Ausf\u00fchrung einer Technik mit maximaler Kraft in der k\u00fcrzesten Zeit, die<br \/>\nm\u00f6glich ist. Ziel ist, alle Energie, die der K\u00f6rper aufbringen kann, auf einen Punkt zu<br \/>\nkonzentrieren und schockartig freizusetzen. Kime wird bei Schl\u00e4gen, St\u00f6\u00dfen und Tritten,<br \/>\naber auch bei Abwehren eingesetzt.<\/p>\n<p><strong>KIME WAZA<\/strong> Gegenangriffe\/Kontertechniken als &#8222;entscheidende Technik&#8220; (dabei soll<br \/>\ndas ausgew\u00e4hlte Ziel blitzschnell mit maximalem Krafteinsatz angegriffen werden)<\/p>\n<p><strong>KOGEKI<\/strong> Angriff<\/p>\n<p><strong>KYU<\/strong> Sch\u00fclergrad<\/p>\n<p><strong>MAAI<\/strong> Korrekte Distanz<\/p>\n<p><strong>SABAKI<\/strong> Ausweichen, oft mit &#8222;K\u00f6rperrotation&#8220;<\/p>\n<p><strong>SENSEI<\/strong> Lehrer<\/p>\n<p><strong>SENTEI-KATA<\/strong> vom Pr\u00fcfling oder Wettkampfteilnehmer aus einer vorgegebenen Katagruppe auszuw\u00e4hlende Kata (z.B. Heian 1-5, Tekki 1, Bassai-Dai, Kanku-Dai, Jion, Enpi, Hangetsu)<\/p>\n<p><strong>SHITEI-KATA<\/strong> Pflichtkata<\/p>\n<p><strong>SHOMEN<\/strong> Vorderseite<\/p>\n<p><strong>SUN-DOME<\/strong> bedeutet das Abstoppen einer Technik kurz vor dem Ziel. Sun ist eine alte japanische L\u00e4ngeneinheit.<\/p>\n<p><strong>TAI SABAKI<\/strong> Ausweichen und Kontern<\/p>\n<p><strong>TOKUI KATA<\/strong> Freie Kata, bevorzugte Kata<\/p>\n<p><strong>UKE<\/strong> Abwehr<\/p>\n<p>ZANSHIN Kontrollierte Endstellung nach einer Technik<\/p>\n","protected":false},"excerpt":{"rendered":"<p>BUDO Kampfk\u00fcnste BUNKAI Demonstration der Bedeutung von Kata-Bewegungen mit einem oder mehreren Partner\/n DAN Meistergrad DEAI Einem Angriff zuvorkommen mit eigenem Angriff DOJO \u00dcbungsraum, Club\/Verein, DO Weg HARA \/ TANDEN = Bauch, Schwerzentrum, Schwerpunkt HIKITE Zur\u00fcckziehen der Faust an die H\u00fcfte JKA Japan-Karate-Association KARATE Weg der &#8222;leeren&#8220; Hand, Karate-Do KARA leer, hohl TE Hand DO [&hellip;]<\/p>\n","protected":false},"author":2,"featured_media":0,"parent":1084,"menu_order":11,"comment_status":"open","ping_status":"open","template":"","meta":{"ngg_post_thumbnail":0,"footnotes":""},"class_list":["post-1095","page","type-page","status-publish","hentry"],"_links":{"self":[{"href":"http:\/\/www.bushido-lubwart.de\/wordpress\/wp-json\/wp\/v2\/pages\/1095"}],"collection":[{"href":"http:\/\/www.bushido-lubwart.de\/wordpress\/wp-json\/wp\/v2\/pages"}],"about":[{"href":"http:\/\/www.bushido-lubwart.de\/wordpress\/wp-json\/wp\/v2\/types\/page"}],"author":[{"embeddable":true,"href":"http:\/\/www.bushido-lubwart.de\/wordpress\/wp-json\/wp\/v2\/users\/2"}],"replies":[{"embeddable":true,"href":"http:\/\/www.bushido-lubwart.de\/wordpress\/wp-json\/wp\/v2\/comments?post=1095"}],"version-history":[{"count":0,"href":"http:\/\/www.bushido-lubwart.de\/wordpress\/wp-json\/wp\/v2\/pages\/1095\/revisions"}],"up":[{"embeddable":true,"href":"http:\/\/www.bushido-lubwart.de\/wordpress\/wp-json\/wp\/v2\/pages\/1084"}],"wp:attachment":[{"href":"http:\/\/www.bushido-lubwart.de\/wordpress\/wp-json\/wp\/v2\/media?parent=1095"}],"curies":[{"name":"wp","href":"https:\/\/api.w.org\/{rel}","templated":true}]}}