{"id":1091,"date":"2008-02-25T19:49:30","date_gmt":"2008-02-25T18:49:30","guid":{"rendered":"http:\/\/www.bushido-lubwart.de\/wordpress\/?page_id=1091"},"modified":"2008-02-25T19:49:30","modified_gmt":"2008-02-25T18:49:30","slug":"uke-waza","status":"publish","type":"page","link":"http:\/\/www.bushido-lubwart.de\/wordpress\/karate-and-more\/japanisch\/uke-waza\/","title":{"rendered":"Uke Waza"},"content":{"rendered":"<p><strong>AGE UKE<\/strong> Abwehr nach oben. Wird zur Abwehr eines Angriffs zum Gesicht eingesetzt.<\/p>\n<p><strong>AWASE UKE<\/strong> Kombinierte Abwehr. Ein gebr\u00e4uchlicher Begriff, f\u00fcr jeden kombinierten Block.<\/p>\n<p><strong>CHUDAN UDE UKE<\/strong> Unterarm-Abwehr zur mittleren Stufe.<\/p>\n<p><strong>CHUDAN UKE<\/strong> Abwehr zur mittleren Stufe. Ein allgemeiner Begriff f\u00fcr Abwehrtechniken zu mittleren Stufe.<\/p>\n<p><strong>EMPI UKE<\/strong> Ellbogenblock. Ein allgemeiner Begriff f\u00fcr Abwehrbewegungen unter Einsatz des Ellbogens.<\/p>\n<p><strong>GEDAN BARAI<\/strong> Abwehr zur unteren Stufe. F\u00fcr gew\u00f6hnlich die erste Bewegung vor jeder \u00dcbung, die Ausgangsstellung. Auch dadurch wird ausgedr\u00fcckt, dass Karate der Selbstverteidigung dient. Wenn wir Gedan Barai sagen, meinen wir eigentlich Gedan Barai Uke.<\/p>\n<p><strong>GEDAN BARAI UKE<\/strong> Abwehr zur unten Stufe.<\/p>\n<p><strong>SOKUMEN GEDAN UKE<\/strong> Nach au\u00dfen gerichteter Unterarmblock (vgl. Tekki Nidan).<\/p>\n<p><strong>GEDAN UKE<\/strong> Abwehr zur unteren Stufe.<\/p>\n<p><strong>HAISHO UKE<\/strong> Handr\u00fcckenabwehr.<\/p>\n<p><strong>HAITO UKE<\/strong> Innenhandkantenblock (es wird mit der Daumenseite abgewehrt).<\/p>\n<p><strong>HAIWAN UKE<\/strong> Armr\u00fcckenabwehr.<\/p>\n<p><strong>HIJI UKE<\/strong> Ellbogenabwehr &#8211; vgl. Empi Uke.<\/p>\n<p><strong>JODAN UKE<\/strong> Block zur oberen Stufe.<\/p>\n<p><strong>JO<\/strong> (<strong>BO<\/strong>) <strong>UKE WAZA<\/strong> Abwehrtechniken gegen den Jo bzw. Bo (Stock). Wird beispielsweise in Bassai Sho eingesetzt.<\/p>\n<p><strong>JUJI UKE<\/strong> Kreizabwehr.<\/p>\n<p><strong>KAGI UKE<\/strong> Hakenabwehr.<\/p>\n<p><strong>KAISHO UKE<\/strong> Abwehr mit ge\u00f6ffneten H\u00e4nden.<\/p>\n<p><strong>KAKE UKE<\/strong> Hakenabwehr. Ein allgemein gebr\u00e4uchlicher Begriff f\u00fcr Hakenabwehren.<\/p>\n<p><strong>KAKIWAKE UKE<\/strong> Keilabwehr.<\/p>\n<p><strong>KEITO UKE<\/strong> &#8222;H\u00fchnchenkopf&#8220;-Abwehr.<\/p>\n<p><strong>KENTSUI UKE<\/strong> (od. <strong>TETTSUI UKE<\/strong>) Hammerfaust-Abwehr.<\/p>\n<p><strong>MOROTE UKE<\/strong> Beidarmige Abwehr.<\/p>\n<p><strong>NAGASHI UKE<\/strong> Fegeabwehr. Wird verwendet, wenn Nagashi als Ablenken verstanden wird.<\/p>\n<p><strong>NAMI GAESHI<\/strong> Innen-Schnapp-Abwehr mit dem Fu\u00df (vgl. Tekki Shodan).<\/p>\n<p><strong>OSAE UKE<\/strong> Pressabwehr.<\/p>\n<p><strong>OTOSHI UKE<\/strong> Druckabwehr von oben nach unten.<\/p>\n<p><strong>SEIRYUTO UKE<\/strong> Ochsenmaul-Abwehr. Diese Handtechnik wird mir der Basis von Shuto ausgef\u00fchrt.<\/p>\n<p><strong>SHUTO UKE<\/strong> Handkantenabwehr.<\/p>\n<p><strong>SOTO UDE UKE<\/strong> Unterarmblock von au\u00dfen nach innen.<\/p>\n<p><strong>SOTO UKE<\/strong> Unterarmblock von au\u00dfen nach innen; Kurzform von Soto Ude Uke.<\/p>\n<p><strong>SUKUI UKE<\/strong> Schaufelabwehr.<\/p>\n<p><strong>TE GATANA UKE<\/strong> Schwerthandabwehr; heute unter Shuto Uke bekannt.<\/p>\n<p><strong>TEISHO BARAI<\/strong> Handballenschlag (vgl. Unsu).<\/p>\n<p><strong>TEISHO UKE<\/strong> Handballenabwehr.<\/p>\n<p><strong>TSUKAMI UKE<\/strong> Greifabwehr.<\/p>\n<p><strong>TSUKI UKE<\/strong> Fauststo\u00df als Block.<br \/>\n<strong><br \/>\nUCHI UDE UKE <\/strong>Unterarmabwehr von innen nach au\u00dfen.<\/p>\n<p><strong>UCHI UKE<\/strong> Innenabwehr, verk\u00fcrzte Form von Uchi Ude Uke.<\/p>\n<p><strong>UDE UKE<\/strong> Unterarmabwehr.<\/p>\n<p><strong>UKE<\/strong> Abwehr.<\/p>\n<p><strong>URAKEN UKE<\/strong> Handr\u00fcckenabwehr. Wird verwendet, wenn der Handr\u00fccken als Block verwendet wird.<\/p>\n","protected":false},"excerpt":{"rendered":"<p>AGE UKE Abwehr nach oben. Wird zur Abwehr eines Angriffs zum Gesicht eingesetzt. AWASE UKE Kombinierte Abwehr. Ein gebr\u00e4uchlicher Begriff, f\u00fcr jeden kombinierten Block. CHUDAN UDE UKE Unterarm-Abwehr zur mittleren Stufe. CHUDAN UKE Abwehr zur mittleren Stufe. Ein allgemeiner Begriff f\u00fcr Abwehrtechniken zu mittleren Stufe. EMPI UKE Ellbogenblock. Ein allgemeiner Begriff f\u00fcr Abwehrbewegungen unter Einsatz [&hellip;]<\/p>\n","protected":false},"author":2,"featured_media":0,"parent":1084,"menu_order":7,"comment_status":"open","ping_status":"open","template":"","meta":{"ngg_post_thumbnail":0,"footnotes":""},"class_list":["post-1091","page","type-page","status-publish","hentry"],"_links":{"self":[{"href":"http:\/\/www.bushido-lubwart.de\/wordpress\/wp-json\/wp\/v2\/pages\/1091"}],"collection":[{"href":"http:\/\/www.bushido-lubwart.de\/wordpress\/wp-json\/wp\/v2\/pages"}],"about":[{"href":"http:\/\/www.bushido-lubwart.de\/wordpress\/wp-json\/wp\/v2\/types\/page"}],"author":[{"embeddable":true,"href":"http:\/\/www.bushido-lubwart.de\/wordpress\/wp-json\/wp\/v2\/users\/2"}],"replies":[{"embeddable":true,"href":"http:\/\/www.bushido-lubwart.de\/wordpress\/wp-json\/wp\/v2\/comments?post=1091"}],"version-history":[{"count":0,"href":"http:\/\/www.bushido-lubwart.de\/wordpress\/wp-json\/wp\/v2\/pages\/1091\/revisions"}],"up":[{"embeddable":true,"href":"http:\/\/www.bushido-lubwart.de\/wordpress\/wp-json\/wp\/v2\/pages\/1084"}],"wp:attachment":[{"href":"http:\/\/www.bushido-lubwart.de\/wordpress\/wp-json\/wp\/v2\/media?parent=1091"}],"curies":[{"name":"wp","href":"https:\/\/api.w.org\/{rel}","templated":true}]}}