{"id":1090,"date":"2008-02-25T19:46:11","date_gmt":"2008-02-25T18:46:11","guid":{"rendered":"http:\/\/www.bushido-lubwart.de\/wordpress\/?page_id=1090"},"modified":"2008-02-25T19:46:11","modified_gmt":"2008-02-25T18:46:11","slug":"tsuki-waza","status":"publish","type":"page","link":"http:\/\/www.bushido-lubwart.de\/wordpress\/karate-and-more\/japanisch\/tsuki-waza\/","title":{"rendered":"Tsuki Waza"},"content":{"rendered":"<p><strong>AGE ZUKI<\/strong> Aufsteigender Faussto\u00df (vgl. Enpi).<\/p>\n<p><strong>AWASE ZUKI<\/strong> Kombinierter Fauststo\u00df. Auch als Morote Zuki bezeichnet.<\/p>\n<p><strong>CHOKU ZUKI<\/strong> Gerader Fauststo\u00df. Auch als Kara Zuki bekannt.<\/p>\n<p><strong>DAN-TSUKI<\/strong> Mehrfache Faustst\u00f6\u00dfe mit der gleichen Hand.<\/p>\n<p><strong>GYAKU ZUKI<\/strong> Gegenseitiger Fauststo\u00df.<\/p>\n<p><strong>HEIKO ZUKI<\/strong> Paralleler Fauststo\u00df, ein zweifacher gleichzeitiger Fauststo\u00df.<\/p>\n<p><strong>HIRAKEN<\/strong> Flache Faust oder Vier-Kn\u00f6chel-Faust.<\/p>\n<p><strong>IPPON KEN<\/strong> Ein-Punkt-Faust.<\/p>\n<p><strong>KAGI ZUKI<\/strong> Haken-Fauststo\u00df.<\/p>\n<p><strong>KIZAMI ZUKI<\/strong> Prellsto\u00df.<\/p>\n<p><strong>MAWASHI ZUKI<\/strong> Halbkreisfauststo\u00df.<\/p>\n<p><strong>MOROTE ZUKI<\/strong> Beidseitiger Fauststo\u00df.<\/p>\n<p><strong>NAGASHI ZUKI<\/strong> Flie\u00dfender Fauststo\u00df.<\/p>\n<p><strong>NAKADAKA IPPON-KEN<\/strong> Ein-Punkt-Faust mit dem Kn\u00f6chel des Mittelfingers.<\/p>\n<p><strong>NUKITE<\/strong> Fingerspitzensto\u00df<\/p>\n<p><strong>OI-ZUKI<\/strong> Gerader Fauststo\u00df.<\/p>\n<p><strong>REN-ZUKI<\/strong> Mehrfache Wechsel-Faustst\u00f6\u00dfe.<\/p>\n<p><strong>SANBON ZUKI<\/strong> Dreifacher Fauststo\u00df. Meist Jodan &#8211; Chudan, Chudan.<\/p>\n<p><strong>SEIKEN<\/strong> Vorderfaust, Normalfaust.<br \/>\n<strong><br \/>\nTATE ZUKI <\/strong>Aufrechter Fauststo\u00df.<\/p>\n<p><strong>TEISHO TSUKI<\/strong> Handballensto\u00df<\/p>\n<p><strong>TSUKI<\/strong> Ein Fauststo\u00df.<\/p>\n<p><strong>URA ZUKI<\/strong> Fauststo\u00df mit umgekehrter Faust.<\/p>\n<p><strong>YAMA ZUKI<\/strong> Weiter U-F\u00f6rmiger Fauststo\u00df. Auch Berg-Sto\u00df genannt (Yama = Berg).<\/p>\n<p><strong>ZUKI<\/strong> Eine andere Art Tsuki auszusprechen. Zuki wird verwendet, wenn der Begriff im Zusammenhang mit anderen Worten stehen.<\/p>\n","protected":false},"excerpt":{"rendered":"<p>AGE ZUKI Aufsteigender Faussto\u00df (vgl. Enpi). AWASE ZUKI Kombinierter Fauststo\u00df. Auch als Morote Zuki bezeichnet. CHOKU ZUKI Gerader Fauststo\u00df. Auch als Kara Zuki bekannt. DAN-TSUKI Mehrfache Faustst\u00f6\u00dfe mit der gleichen Hand. GYAKU ZUKI Gegenseitiger Fauststo\u00df. HEIKO ZUKI Paralleler Fauststo\u00df, ein zweifacher gleichzeitiger Fauststo\u00df. HIRAKEN Flache Faust oder Vier-Kn\u00f6chel-Faust. IPPON KEN Ein-Punkt-Faust. KAGI ZUKI Haken-Fauststo\u00df. KIZAMI [&hellip;]<\/p>\n","protected":false},"author":2,"featured_media":0,"parent":1084,"menu_order":6,"comment_status":"open","ping_status":"open","template":"","meta":{"ngg_post_thumbnail":0,"footnotes":""},"class_list":["post-1090","page","type-page","status-publish","hentry"],"_links":{"self":[{"href":"http:\/\/www.bushido-lubwart.de\/wordpress\/wp-json\/wp\/v2\/pages\/1090"}],"collection":[{"href":"http:\/\/www.bushido-lubwart.de\/wordpress\/wp-json\/wp\/v2\/pages"}],"about":[{"href":"http:\/\/www.bushido-lubwart.de\/wordpress\/wp-json\/wp\/v2\/types\/page"}],"author":[{"embeddable":true,"href":"http:\/\/www.bushido-lubwart.de\/wordpress\/wp-json\/wp\/v2\/users\/2"}],"replies":[{"embeddable":true,"href":"http:\/\/www.bushido-lubwart.de\/wordpress\/wp-json\/wp\/v2\/comments?post=1090"}],"version-history":[{"count":0,"href":"http:\/\/www.bushido-lubwart.de\/wordpress\/wp-json\/wp\/v2\/pages\/1090\/revisions"}],"up":[{"embeddable":true,"href":"http:\/\/www.bushido-lubwart.de\/wordpress\/wp-json\/wp\/v2\/pages\/1084"}],"wp:attachment":[{"href":"http:\/\/www.bushido-lubwart.de\/wordpress\/wp-json\/wp\/v2\/media?parent=1090"}],"curies":[{"name":"wp","href":"https:\/\/api.w.org\/{rel}","templated":true}]}}