{"id":1089,"date":"2008-02-25T19:43:43","date_gmt":"2008-02-25T18:43:43","guid":{"rendered":"http:\/\/www.bushido-lubwart.de\/wordpress\/?page_id=1089"},"modified":"2008-02-25T19:43:43","modified_gmt":"2008-02-25T18:43:43","slug":"uchi-waza","status":"publish","type":"page","link":"http:\/\/www.bushido-lubwart.de\/wordpress\/karate-and-more\/japanisch\/uchi-waza\/","title":{"rendered":"Uchi Waza"},"content":{"rendered":"<p><strong>AGE EMPI UCHI<\/strong> Ellbogenschlag nach oben, manchmal auch als Tate Empi Uchi bezeichnet.<\/p>\n<p><strong>EMPI UCHI<\/strong> Ellbogenschlag, auch als Hiji-ate bezeichnet<\/p>\n<p><strong>HAISHO UCHI<\/strong> Handr\u00fcckenschlag.<\/p>\n<p><strong>HAITO UCHI<\/strong> Innenhandkantenschlag.<\/p>\n<p><strong>HIJI-ATE<\/strong> Ellbogenschlag, auch als Empi Uchi bezeichnet.<\/p>\n<p><strong>HIJI ATEMI<\/strong> oder Hiji Ate Ellbogenschlag<\/p>\n<p><strong>IPPON NUKITE<\/strong> Ein-Finger-Stich.<\/p>\n<p><strong>KEITO UCHI<\/strong> &#8222;H\u00fchnchenkopf&#8220;.<\/p>\n<p><strong>KENTSUI UCHI<\/strong> (oder <strong>TETTSUI UCHI<\/strong>) Hammerfaustschlag.<\/p>\n<p><strong>KUMADE UCHI<\/strong> B\u00e4rentatzenschlag. Kumade bedeutet auch Rechen oder Harke.<\/p>\n<p><strong>NIHON NUKITE<\/strong> Zweifinger-Sto\u00df.<\/p>\n<p><strong>NUKITE<\/strong> Speerhand.<\/p>\n<p><strong>SHIHON NUKITE<\/strong> Vier-Finger-Stich.<\/p>\n<p><strong>SHUTO UCHI<\/strong> Handkantenschlag.<\/p>\n<p><strong>TATE EMPI UCHI<\/strong> Ellbogenschlag nach oben. Manchmal auch als Age Empi bezeichnet.<\/p>\n<p><strong>TEISHO UCHI<\/strong> Handballenschlag.<\/p>\n<p><strong>TETTSUI UCHI<\/strong> oder <strong>KENTSUI UCHI<\/strong> Hammerfaustschlag.<\/p>\n<p><strong>UCHI<\/strong> Schlagen.<\/p>\n<p><strong>URAKEN UCHI<\/strong> Handr\u00fcckenschlag.<\/p>\n<p><strong>USHIRO EMPI UCHI<\/strong> R\u00fcckw\u00e4rtiger Ellbogensto\u00df<\/p>\n<p><strong>USHIRO MAWASHI EMPI UCHI<\/strong> R\u00fcckw\u00e4rtiger Halbkreisellbogenschlag.<\/p>\n<p><strong>YOKO EMPI UCHI<\/strong> Ellbogenschlag zur Seite.<\/p>\n","protected":false},"excerpt":{"rendered":"<p>AGE EMPI UCHI Ellbogenschlag nach oben, manchmal auch als Tate Empi Uchi bezeichnet. EMPI UCHI Ellbogenschlag, auch als Hiji-ate bezeichnet HAISHO UCHI Handr\u00fcckenschlag. HAITO UCHI Innenhandkantenschlag. HIJI-ATE Ellbogenschlag, auch als Empi Uchi bezeichnet. HIJI ATEMI oder Hiji Ate Ellbogenschlag IPPON NUKITE Ein-Finger-Stich. KEITO UCHI &#8222;H\u00fchnchenkopf&#8220;. KENTSUI UCHI (oder TETTSUI UCHI) Hammerfaustschlag. KUMADE UCHI B\u00e4rentatzenschlag. Kumade [&hellip;]<\/p>\n","protected":false},"author":2,"featured_media":0,"parent":1084,"menu_order":5,"comment_status":"open","ping_status":"open","template":"","meta":{"ngg_post_thumbnail":0,"footnotes":""},"class_list":["post-1089","page","type-page","status-publish","hentry"],"_links":{"self":[{"href":"http:\/\/www.bushido-lubwart.de\/wordpress\/wp-json\/wp\/v2\/pages\/1089"}],"collection":[{"href":"http:\/\/www.bushido-lubwart.de\/wordpress\/wp-json\/wp\/v2\/pages"}],"about":[{"href":"http:\/\/www.bushido-lubwart.de\/wordpress\/wp-json\/wp\/v2\/types\/page"}],"author":[{"embeddable":true,"href":"http:\/\/www.bushido-lubwart.de\/wordpress\/wp-json\/wp\/v2\/users\/2"}],"replies":[{"embeddable":true,"href":"http:\/\/www.bushido-lubwart.de\/wordpress\/wp-json\/wp\/v2\/comments?post=1089"}],"version-history":[{"count":0,"href":"http:\/\/www.bushido-lubwart.de\/wordpress\/wp-json\/wp\/v2\/pages\/1089\/revisions"}],"up":[{"embeddable":true,"href":"http:\/\/www.bushido-lubwart.de\/wordpress\/wp-json\/wp\/v2\/pages\/1084"}],"wp:attachment":[{"href":"http:\/\/www.bushido-lubwart.de\/wordpress\/wp-json\/wp\/v2\/media?parent=1089"}],"curies":[{"name":"wp","href":"https:\/\/api.w.org\/{rel}","templated":true}]}}