{"id":1085,"date":"2008-02-25T19:31:46","date_gmt":"2008-02-25T18:31:46","guid":{"rendered":"http:\/\/www.bushido-lubwart.de\/wordpress\/?page_id=1085"},"modified":"2008-02-25T19:31:46","modified_gmt":"2008-02-25T18:31:46","slug":"aussprache","status":"publish","type":"page","link":"http:\/\/www.bushido-lubwart.de\/wordpress\/karate-and-more\/japanisch\/aussprache\/","title":{"rendered":"Aussprache"},"content":{"rendered":"<p><strong>Ausspracheregeln<\/strong><\/p>\n<p>Die hier und auch sonst \u00fcberwiegend \u00fcblich verwendete Umschrift der japanischen Schriftzeichen in lateinische Buchstaben geht vom Englischen aus.<\/p>\n<p>Die in der japanischen Sprache h\u00e4ufig vorkommenden Vokale werden im allgemeinen nicht vollt\u00f6nend, sondern gew\u00f6hnlich kurz gesprochen und die Sprachmelodie ist monoton.<\/p>\n<p>Sonst werden die <strong>Vokale<\/strong> kurz gesprochen wie z.B. in folgenden deutschen Worten:<\/p>\n<p>a: wie in &#8222;ab&#8220;, &#8222;Kasse&#8220;<br \/>\ni: wie in &#8222;in&#8220;, &#8222;bin&#8220;<br \/>\nai: wie in &#8222;Mai&#8220;<br \/>\nu: wie in &#8222;um&#8220;, &#8222;Mutter&#8220; (oft sogar fast unh\u00f6rbar wie in Sh[u]to Uke oder Ts[u]ki)<br \/>\ne: wie in &#8222;etwas&#8220;, &#8222;Messer&#8220;<br \/>\nei: wie ee in &#8222;Tee&#8220;, doch klingt das i schwach nach<br \/>\no: wie in &#8222;ob&#8220;, &#8222;noch&#8220;<\/p>\n<p>Die <strong>Konsonanten<\/strong> werden wie im Englischen gesprochen. Das bedeutet:<\/p>\n<p>j: wie &#8222;dsch&#8220; in &#8222;Fujiyama&#8220; oder &#8222;Jazz&#8220;<br \/>\ny: wie in &#8222;Yokohama&#8220;, &#8222;jodeln&#8220;<br \/>\nz: wie in &#8222;summen&#8220;<br \/>\nza: wie in &#8222;Sand&#8220;<br \/>\nzu: wie in &#8222;Suppe&#8220;<br \/>\nze: wie in &#8222;Senf&#8220;<br \/>\nzo: wie in &#8222;sollen&#8220;<br \/>\ns: wird scharf gesprochen wie &#8222;\u00df&#8220;; also &#8222;\u00dfa&#8220;, &#8222;\u00dfu&#8220;, &#8222;\u00dfe&#8220; usw.<br \/>\nsh: ist in &#8222;sha&#8220;, &#8222;shu&#8220;, &#8222;shi&#8220;, &#8222;sho&#8220; eine h\u00e4ufige japanische Konsonantenfolge. Es wird stimmlos gesprochen wie in &#8222;shop&#8220;, &#8222;wishing&#8220;; nicht aber wie ein deutsches sch!<br \/>\nch: in &#8222;cha&#8220;, &#8222;chu&#8220;, &#8222;chi&#8220;, &#8222;cho&#8220; wird mit t-Vorschlag gesprochen wie etwa in &#8222;Nietzsche&#8220;<br \/>\nDoppeltes n wie in on&#8217;na, kon&#8217;nichi usw. spricht sich leicht nasal.<\/p>\n<p>Bei <strong>Wortzusammensetzungen<\/strong> \u00e4ndert sich der erste Laut des zweiten Wortes:<\/p>\n<p>aus k = Keri, Ki<br \/>\nwird g = Mae-geri, Karate-gi<\/p>\n<p>aus t = Tachi<br \/>\nwird d = Zenkutsu-dachi<\/p>\n<p>aus s wird z<br \/>\naus ts = Tsuki<br \/>\nwird z = Oi-zuki<\/p>\n<p>aus h = Harai<br \/>\nwird b = Ashi-barai<\/p>\n","protected":false},"excerpt":{"rendered":"<p>Ausspracheregeln Die hier und auch sonst \u00fcberwiegend \u00fcblich verwendete Umschrift der japanischen Schriftzeichen in lateinische Buchstaben geht vom Englischen aus. Die in der japanischen Sprache h\u00e4ufig vorkommenden Vokale werden im allgemeinen nicht vollt\u00f6nend, sondern gew\u00f6hnlich kurz gesprochen und die Sprachmelodie ist monoton. Sonst werden die Vokale kurz gesprochen wie z.B. in folgenden deutschen Worten: a: [&hellip;]<\/p>\n","protected":false},"author":2,"featured_media":0,"parent":1084,"menu_order":1,"comment_status":"open","ping_status":"open","template":"","meta":{"ngg_post_thumbnail":0,"footnotes":""},"class_list":["post-1085","page","type-page","status-publish","hentry"],"_links":{"self":[{"href":"http:\/\/www.bushido-lubwart.de\/wordpress\/wp-json\/wp\/v2\/pages\/1085"}],"collection":[{"href":"http:\/\/www.bushido-lubwart.de\/wordpress\/wp-json\/wp\/v2\/pages"}],"about":[{"href":"http:\/\/www.bushido-lubwart.de\/wordpress\/wp-json\/wp\/v2\/types\/page"}],"author":[{"embeddable":true,"href":"http:\/\/www.bushido-lubwart.de\/wordpress\/wp-json\/wp\/v2\/users\/2"}],"replies":[{"embeddable":true,"href":"http:\/\/www.bushido-lubwart.de\/wordpress\/wp-json\/wp\/v2\/comments?post=1085"}],"version-history":[{"count":0,"href":"http:\/\/www.bushido-lubwart.de\/wordpress\/wp-json\/wp\/v2\/pages\/1085\/revisions"}],"up":[{"embeddable":true,"href":"http:\/\/www.bushido-lubwart.de\/wordpress\/wp-json\/wp\/v2\/pages\/1084"}],"wp:attachment":[{"href":"http:\/\/www.bushido-lubwart.de\/wordpress\/wp-json\/wp\/v2\/media?parent=1085"}],"curies":[{"name":"wp","href":"https:\/\/api.w.org\/{rel}","templated":true}]}}