{"id":1059,"date":"2008-02-25T18:47:15","date_gmt":"2008-02-25T17:47:15","guid":{"rendered":"http:\/\/www.bushido-lubwart.de\/wordpress\/?page_id=1059"},"modified":"2008-02-28T11:16:12","modified_gmt":"2008-02-28T10:16:12","slug":"was-ist-karate","status":"publish","type":"page","link":"http:\/\/www.bushido-lubwart.de\/wordpress\/karate-and-more\/karate-wissen\/was-ist-karate\/","title":{"rendered":"Was ist Karate"},"content":{"rendered":"<p>Shotokan Karate lehrt effektive Methoden der Selbstverteidigung. Doch das ist nicht alles. Durch Shotokan Karate werden K\u00f6rper und Geist gleicherma\u00dfen gefordert und entwickelt. K\u00f6rperlich betrachtet werden Flexibilit\u00e4t, Schnelligkeit, Muskelkraft und damit verbunden auch die Funktion des Herz-Kreislauf-Systems und der Atmungsorgane verbessert.<\/p>\n<p><a TARGET=\"_blank\" HREF=\"http:\/\/www.bushido-lubwart.de\/wordpress\/wp-content\/uploads\/2008\/02\/113.jpg\"><img ALIGN=\"left\" HEIGHT=\"96\" WIDTH=\"128\" VSPACE=\"10\" HSPACE=\"10\" BORDER=\"0\" SRC=\"http:\/\/www.bushido-lubwart.de\/wordpress\/wp-content\/uploads\/2008\/02\/113.thumbnail.jpg\" \/><\/a>Aus mentaler, geistiger Sicht lehrt Karate den Sch\u00fcler den Wert des Charakters. Es lehrt Respekt, Bescheidenheit, Ehre, Hingabe, Mitgef\u00fchl und Geduld. Durch Karate kann man ein individuelles Verst\u00e4ndnis f\u00fcr das Leben entwickeln &#8211; logisch, realistisch und ohne Vorurteile. Es vernebelt nicht die Gedanken mit Fantasien und \u00dcbertreibungen. Wer Karate regelm\u00e4\u00dfig betreibt, wird ein gr\u00f6\u00dferes Verst\u00e4ndnis f\u00fcr das Leben entwickeln. Karate hei\u00dft nicht einfach nur &#8222;sich verteidigen&#8220;. Es ist ein Tun. Es ist ein Weg, andere zu erreichen, das Leben anzunehmen.<\/p>\n<p>Shotokan Karate ist eine alte und doch zugleich sehr moderne Kampfkunst.<br \/>\nKeine andere Kampfkunst wurde derart eingehend studiert und untersucht wie diese. Forschungen an der Long Island Universit\u00e4t von New York haben die Richtigkeit alter Trainingsmethoden bewiesen und zugleich Wege aufgezeigt, wie man die gleichen Ziele durch das Wissen um die Funktionsweise unseres K\u00f6rpers und der in ihm ablaufenden Prozesse heute schneller und einfacher erreichen kann.<\/p>\n","protected":false},"excerpt":{"rendered":"<p>Shotokan Karate lehrt effektive Methoden der Selbstverteidigung. Doch das ist nicht alles. Durch Shotokan Karate werden K\u00f6rper und Geist gleicherma\u00dfen gefordert und entwickelt. K\u00f6rperlich betrachtet werden Flexibilit\u00e4t, Schnelligkeit, Muskelkraft und damit verbunden auch die Funktion des Herz-Kreislauf-Systems und der Atmungsorgane verbessert. Aus mentaler, geistiger Sicht lehrt Karate den Sch\u00fcler den Wert des Charakters. Es lehrt [&hellip;]<\/p>\n","protected":false},"author":2,"featured_media":0,"parent":1057,"menu_order":4,"comment_status":"open","ping_status":"open","template":"","meta":{"ngg_post_thumbnail":0,"footnotes":""},"class_list":["post-1059","page","type-page","status-publish","hentry"],"_links":{"self":[{"href":"http:\/\/www.bushido-lubwart.de\/wordpress\/wp-json\/wp\/v2\/pages\/1059"}],"collection":[{"href":"http:\/\/www.bushido-lubwart.de\/wordpress\/wp-json\/wp\/v2\/pages"}],"about":[{"href":"http:\/\/www.bushido-lubwart.de\/wordpress\/wp-json\/wp\/v2\/types\/page"}],"author":[{"embeddable":true,"href":"http:\/\/www.bushido-lubwart.de\/wordpress\/wp-json\/wp\/v2\/users\/2"}],"replies":[{"embeddable":true,"href":"http:\/\/www.bushido-lubwart.de\/wordpress\/wp-json\/wp\/v2\/comments?post=1059"}],"version-history":[{"count":0,"href":"http:\/\/www.bushido-lubwart.de\/wordpress\/wp-json\/wp\/v2\/pages\/1059\/revisions"}],"up":[{"embeddable":true,"href":"http:\/\/www.bushido-lubwart.de\/wordpress\/wp-json\/wp\/v2\/pages\/1057"}],"wp:attachment":[{"href":"http:\/\/www.bushido-lubwart.de\/wordpress\/wp-json\/wp\/v2\/media?parent=1059"}],"curies":[{"name":"wp","href":"https:\/\/api.w.org\/{rel}","templated":true}]}}