{"id":1056,"date":"2008-02-25T18:38:31","date_gmt":"2008-02-25T17:38:31","guid":{"rendered":"http:\/\/www.bushido-lubwart.de\/wordpress\/?page_id=1056"},"modified":"2011-05-17T09:54:32","modified_gmt":"2011-05-17T08:54:32","slug":"karate-and-more","status":"publish","type":"page","link":"http:\/\/www.bushido-lubwart.de\/wordpress\/karate-and-more\/","title":{"rendered":"Karate and more"},"content":{"rendered":"<ul>\n<li><strong><a href=\"http:\/\/www.bushido-lubwart.de\/wordpress\/?page_id=1057\">Karate &#8211; Wissen<\/a><\/strong> &#8211; Wissenswertes rund um Karate<\/li>\n<li><strong><a href=\"http:\/\/www.bushido-lubwart.de\/wordpress\/?page_id=1077\">Trainingsbereiche<\/a><\/strong> &#8211; Die 3 S\u00e4ulen des Karate<\/li>\n<li><strong><a href=\"http:\/\/www.bushido-lubwart.de\/wordpress\/?page_id=1084\">Japanisch<\/a><\/strong> &#8211; Japanisch f\u00fcr Karateka<\/li>\n<li><strong><a href=\"http:\/\/www.bushido-lubwart.de\/wordpress\/?page_id=1098\">Hintergr\u00fcnde<\/a><\/strong> &#8211; Verhaltensregeln und Empfehlungen<\/li>\n<li><strong><a href=\"http:\/\/www.bushido-lubwart.de\/wordpress\/?page_id=1165\">Geschichte<\/a><\/strong> &#8211; Die Geschichte des Karate und seiner Meister<\/li>\n<li><strong><a href=\"http:\/\/www.bushido-lubwart.de\/wordpress\/?page_id=1168\">Pr\u00fcfungen<\/a><\/strong> &#8211; Pr\u00fcfungen und Pr\u00fcfungsordnungen<\/li>\n<li><a href=\"http:\/\/www.bushido-lubwart.de\/wordpress\/?page_id=1252\"><strong>Gesundheit<\/strong><\/a> &#8211; In einem gesunden K\u00f6rper wohnt ein gesunder Geist<\/li>\n<li><strong><a href=\"http:\/\/www.bushido-lubwart.de\/wordpress\/?page_id=1270\">Organisation<\/a><\/strong> &#8211; Organisation und Rechtsfragen f\u00fcr Vereine<\/li>\n<\/ul>\n<p>Wenn ihr Kampfsportausr\u00fcstung wie Anz\u00fcge, Sch\u00fctzer, Taschen, Videos, B\u00fccher, Schwerter &#8230; kaufen wollt, dann empfehlen wir euch diese Links:<\/p>\n<ul>\n<li><strong>Budoshop-Online.de<\/strong> &#8211; kompetent, preiswert, einfach gut<br \/>\n<a href=\"http:\/\/www.budoshop-online.com\/\">http:\/\/www.budoshop-online.com<\/a><\/li>\n<li><strong>Kampfsportversand.com<\/strong> &#8211; Der gro\u00dfe Online-Kampfsportversand<br \/>\n<a href=\"http:\/\/www.kampfsportversand.com\/\">http:\/\/www.kampfsportversand.com<\/a><\/li>\n<li><strong>Budo-Discount.de<\/strong> &#8211; Markenartikel zu kleinen Preisen<br \/>\n<a href=\"http:\/\/www.budo-discount.de\/\">http:\/\/www.budo-discount.de<\/a><\/li>\n<li><strong>Martial24.com<\/strong> &#8211; Das Shopping-Portal in Sachen Kampfsport<br \/>\n<a href=\"http:\/\/www.martial24.com\/\">http:\/\/www.martial24.com<\/a><\/li>\n<li><strong>Budo4you.com<\/strong> &#8211; Alles f\u00fcr Ihren Budo-Sport<br \/>\n<a href=\"http:\/\/www.budo4you.com\/\">http:\/\/www.budo4you.com<\/a><\/li>\n<li><strong>Budoshop.biz<\/strong> &#8211; Der Budoshop mit der wahrscheinlich gr\u00f6\u00dften Auswahl im Internet<br \/>\n<a href=\"http:\/\/www.budoshop.biz\/\">http:\/\/www.budoshop.biz<\/a><\/li>\n<li><strong>Budoshop24.com<\/strong> &#8211; Dieser Budo-Versand hat 24 Stunden f\u00fcr Sie ge\u00f6ffnet<br \/>\n<a href=\"http:\/\/www.budoshop24.com\/\">http:\/\/www.budoshop24.com<\/a><\/li>\n<li><strong>Mybudo.de<\/strong> &#8211; Deutschlands Kampfsportausstatter mit den Super-Preisen<br \/>\n<a href=\"http:\/\/www.mybudo.de\/\">http:\/\/www.mybudo.de<\/a><\/li>\n<li><strong>Budoartikel.com<\/strong> &#8211; Alles f\u00fcr Aikido, Karate, Taekwondo, Kung-Fu, Wushu, Kickboxen&#8230;<br \/>\n<a href=\"http:\/\/www.budoartikel.de\/\">http:\/\/www.budoartikel.de<\/a><\/li>\n<\/ul>\n","protected":false},"excerpt":{"rendered":"<p>Karate &#8211; Wissen &#8211; Wissenswertes rund um Karate Trainingsbereiche &#8211; Die 3 S\u00e4ulen des Karate Japanisch &#8211; Japanisch f\u00fcr Karateka Hintergr\u00fcnde &#8211; Verhaltensregeln und Empfehlungen Geschichte &#8211; Die Geschichte des Karate und seiner Meister Pr\u00fcfungen &#8211; Pr\u00fcfungen und Pr\u00fcfungsordnungen Gesundheit &#8211; In einem gesunden K\u00f6rper wohnt ein gesunder Geist Organisation &#8211; Organisation und Rechtsfragen f\u00fcr [&hellip;]<\/p>\n","protected":false},"author":2,"featured_media":0,"parent":0,"menu_order":3,"comment_status":"open","ping_status":"closed","template":"","meta":{"ngg_post_thumbnail":0,"footnotes":""},"class_list":["post-1056","page","type-page","status-publish","hentry"],"_links":{"self":[{"href":"http:\/\/www.bushido-lubwart.de\/wordpress\/wp-json\/wp\/v2\/pages\/1056"}],"collection":[{"href":"http:\/\/www.bushido-lubwart.de\/wordpress\/wp-json\/wp\/v2\/pages"}],"about":[{"href":"http:\/\/www.bushido-lubwart.de\/wordpress\/wp-json\/wp\/v2\/types\/page"}],"author":[{"embeddable":true,"href":"http:\/\/www.bushido-lubwart.de\/wordpress\/wp-json\/wp\/v2\/users\/2"}],"replies":[{"embeddable":true,"href":"http:\/\/www.bushido-lubwart.de\/wordpress\/wp-json\/wp\/v2\/comments?post=1056"}],"version-history":[{"count":3,"href":"http:\/\/www.bushido-lubwart.de\/wordpress\/wp-json\/wp\/v2\/pages\/1056\/revisions"}],"predecessor-version":[{"id":2122,"href":"http:\/\/www.bushido-lubwart.de\/wordpress\/wp-json\/wp\/v2\/pages\/1056\/revisions\/2122"}],"wp:attachment":[{"href":"http:\/\/www.bushido-lubwart.de\/wordpress\/wp-json\/wp\/v2\/media?parent=1056"}],"curies":[{"name":"wp","href":"https:\/\/api.w.org\/{rel}","templated":true}]}}