{"id":1054,"date":"2008-02-25T10:31:41","date_gmt":"2008-02-25T09:31:41","guid":{"rendered":"http:\/\/www.bushido-lubwart.de\/wordpress\/?page_id=1054"},"modified":"2011-05-17T08:50:21","modified_gmt":"2011-05-17T07:50:21","slug":"trainingsmoglichkeiten-in-hohenleipisch","status":"publish","type":"page","link":"http:\/\/www.bushido-lubwart.de\/wordpress\/karate-im-verein\/trainingsgruppen-unseres-vereins\/trainingsmoglichkeiten-in-hohenleipisch\/","title":{"rendered":"Hohenleipisch"},"content":{"rendered":"<p><img ALIGN=\"left\" HEIGHT=\"200\" WIDTH=\"150\" VSPACE=\"10\" HSPACE=\"10\" BORDER=\"0\" SRC=\"http:\/\/www.bushido-lubwart.de\/wordpress\/wp-content\/uploads\/2008\/02\/0010280014_150.jpg\" \/>Die Turnhalle befindet sich am Sportplatz in der Bahnhofstra\u00dfe in Hohenleipisch. Fahren Sie einfach in Richtung Ordnungsamt \/ Sportplatz &#8211; beides ist beschildert.<br \/>\nBitte beachten Sie: Der Eingang zur Turnhall befindet sich auf der r\u00fcckw\u00e4rtigen Seite des Geb\u00e4udes.<\/p>\n<p>Vorl\u00e4ufig findet in Hohenleipisch kein Training mehr statt. Bitte nutzen Sie die <a HREF=\"http:\/\/www.bushido-lubwart.de\/wordpress\/?page_id=1053\">Trainingsm\u00f6glichkeiten in Elsterwerda<\/a>.<br \/>\n<\/br> <\/br> <\/br> <\/br><br \/>\n<strong>Trainingszeiten<\/strong><\/p>\n<table CLASS=\"\">\n<tr>\n<td CLASS=\"\"><strong>Wer<\/strong><\/td>\n<td CLASS=\"\"><strong>Wann<\/strong><\/td>\n<td CLASS=\"\"><strong>Wo<\/strong><\/td>\n<td CLASS=\"\"><strong>Bei wem<\/strong><\/td>\n<\/tr>\n<tr>\n<td CLASS=\"\">&#8211;<\/td>\n<td CLASS=\"\">&#8211;<\/td>\n<td CLASS=\"\">&#8211;<\/td>\n<td CLASS=\"\">&#8211;<\/td>\n<\/tr>\n<\/table>\n<p><strong>Hier trainieren wir:<\/strong><\/p>\n<table CLASS=\"\">\n<tr>\n<td CLASS=\"\"><a HREF=\"http:\/\/www.bushido-lubwart.de\/wordpress\/wp-content\/uploads\/2008\/02\/tgh2.jpg\" TARGET=\"_blank\"><img SRC=\"http:\/\/www.bushido-lubwart.de\/wordpress\/wp-content\/uploads\/2008\/02\/tgh2cols3.jpg\" \/><\/a><\/td>\n<td CLASS=\"\"><a HREF=\"http:\/\/www.bushido-lubwart.de\/wordpress\/wp-content\/uploads\/2008\/02\/tgh3.jpg\" TARGET=\"_blank\"><img SRC=\"http:\/\/www.bushido-lubwart.de\/wordpress\/wp-content\/uploads\/2008\/02\/tgh3cols3.jpg\" \/><\/a><\/td>\n<td CLASS=\"\"><a HREF=\"http:\/\/www.bushido-lubwart.de\/wordpress\/wp-content\/uploads\/2008\/02\/tgh1.jpg\" TARGET=\"_blank\"><img SRC=\"http:\/\/www.bushido-lubwart.de\/wordpress\/wp-content\/uploads\/2008\/02\/tgh1cols3.jpg\" \/><\/a><\/td>\n<\/tr>\n<tr>\n<td CLASS=\"\">Haupteinfahrt zum Sportgel\u00e4nde &#8211; Parkplatz hinter der Halle<\/td>\n<td CLASS=\"\">direkte Zufahrt zur Turnhalle &#8211; Parkplatz nur vor der Halle<\/td>\n<td CLASS=\"\">Turnhalle Hohenleipisch &#8211; der Eingang ist auf der R\u00fcckseite<\/td>\n<\/tr>\n<\/table>\n","protected":false},"excerpt":{"rendered":"<p>Die Turnhalle befindet sich am Sportplatz in der Bahnhofstra\u00dfe in Hohenleipisch. Fahren Sie einfach in Richtung Ordnungsamt \/ Sportplatz &#8211; beides ist beschildert. Bitte beachten Sie: Der Eingang zur Turnhall befindet sich auf der r\u00fcckw\u00e4rtigen Seite des Geb\u00e4udes. Vorl\u00e4ufig findet in Hohenleipisch kein Training mehr statt. Bitte nutzen Sie die Trainingsm\u00f6glichkeiten in Elsterwerda. Trainingszeiten Wer [&hellip;]<\/p>\n","protected":false},"author":2,"featured_media":0,"parent":1051,"menu_order":3,"comment_status":"open","ping_status":"closed","template":"","meta":{"ngg_post_thumbnail":0,"footnotes":""},"class_list":["post-1054","page","type-page","status-publish","hentry"],"_links":{"self":[{"href":"http:\/\/www.bushido-lubwart.de\/wordpress\/wp-json\/wp\/v2\/pages\/1054"}],"collection":[{"href":"http:\/\/www.bushido-lubwart.de\/wordpress\/wp-json\/wp\/v2\/pages"}],"about":[{"href":"http:\/\/www.bushido-lubwart.de\/wordpress\/wp-json\/wp\/v2\/types\/page"}],"author":[{"embeddable":true,"href":"http:\/\/www.bushido-lubwart.de\/wordpress\/wp-json\/wp\/v2\/users\/2"}],"replies":[{"embeddable":true,"href":"http:\/\/www.bushido-lubwart.de\/wordpress\/wp-json\/wp\/v2\/comments?post=1054"}],"version-history":[{"count":1,"href":"http:\/\/www.bushido-lubwart.de\/wordpress\/wp-json\/wp\/v2\/pages\/1054\/revisions"}],"predecessor-version":[{"id":2052,"href":"http:\/\/www.bushido-lubwart.de\/wordpress\/wp-json\/wp\/v2\/pages\/1054\/revisions\/2052"}],"up":[{"embeddable":true,"href":"http:\/\/www.bushido-lubwart.de\/wordpress\/wp-json\/wp\/v2\/pages\/1051"}],"wp:attachment":[{"href":"http:\/\/www.bushido-lubwart.de\/wordpress\/wp-json\/wp\/v2\/media?parent=1054"}],"curies":[{"name":"wp","href":"https:\/\/api.w.org\/{rel}","templated":true}]}}