{"id":1053,"date":"2008-02-25T10:27:35","date_gmt":"2008-02-25T09:27:35","guid":{"rendered":"http:\/\/www.bushido-lubwart.de\/wordpress\/?page_id=1053"},"modified":"2025-10-27T09:48:33","modified_gmt":"2025-10-27T08:48:33","slug":"trainingsmoglichkeiten-in-elsterwerda","status":"publish","type":"page","link":"http:\/\/www.bushido-lubwart.de\/wordpress\/karate-im-verein\/trainingsgruppen-unseres-vereins\/trainingsmoglichkeiten-in-elsterwerda\/","title":{"rendered":"Elsterwerda"},"content":{"rendered":"<p><img loading=\"lazy\" decoding=\"async\" src=\"http:\/\/www.bushido-lubwart.de\/wordpress\/wp-content\/uploads\/2008\/02\/000325123_150.jpg\" width=\"150\" height=\"112\" align=\"left\" border=\"0\" hspace=\"10\" vspace=\"10\">In Elsterwerda trainieren wir direkt in der Turnhalle des Oberstufenzentrums direkt gegen\u00fcber des&nbsp;Bahnhofs&nbsp;in Elsterwerda. Der Eingang befindet sich gegen\u00fcber der Neuapostolischen Kirche.<\/p>\n<p>Vom Anf\u00e4nger bis Braungurt sind alle Graduierungen vertreten.<\/p>\n<p><strong>Trainingszeiten<\/strong><\/p>\n<table style=\"width: 100%; height: 196px;\">\n<tbody>\n<tr style=\"height: 23px;\">\n<td class=\"\" style=\"width: 27.9762%; height: 23px;\"><strong>Wer<\/strong><\/td>\n<td class=\"\" style=\"width: 27.619%; height: 23px;\"><strong>Wann<\/strong><\/td>\n<td class=\"\" style=\"width: 32.1429%; height: 23px;\"><strong>Wo<\/strong><\/td>\n<td class=\"\" style=\"width: 10.8333%; height: 23px;\"><strong>Bei wem<\/strong><\/td>\n<\/tr>\n<tr style=\"height: 23px;\">\n<td class=\"\" style=\"width: 27.9762%; height: 23px;\">&nbsp;<\/td>\n<td class=\"\" style=\"width: 27.619%; height: 23px;\">&nbsp;<\/td>\n<td class=\"\" style=\"width: 32.1429%; height: 23px;\">&nbsp;<\/td>\n<td class=\"\" style=\"width: 10.8333%; height: 23px;\">&nbsp;<\/td>\n<\/tr>\n<tr style=\"height: 70px;\">\n<td class=\"\" style=\"width: 27.9762%; height: 70px;\">Kinder, Jugend und Erwachsene &#8211; Anf\u00e4nger und Fortgeschrittene<\/td>\n<td class=\"\" style=\"width: 27.619%; height: 70px;\">samstags 9.30 &#8211; 11.00 Uhr<\/td>\n<td class=\"\" style=\"width: 32.1429%; height: 70px;\">Elsterwerda Turnhalle OSZ Feldstra\u00dfe (Eingang gegen\u00fcber der Neuapostolischen Kirche)<\/td>\n<td class=\"\" style=\"width: 10.8333%; height: 70px;\"><a href=\"http:\/\/www.bushido-lubwart.de\/wordpress\/?page_id=1034\">Hr. Pfitzmann<\/a><\/td>\n<\/tr>\n<tr style=\"height: 10px;\">\n<td class=\"\" style=\"width: 27.9762%; height: 10px;\">&nbsp;<\/td>\n<td class=\"\" style=\"width: 27.619%; height: 10px;\">&nbsp;<\/td>\n<td class=\"\" style=\"width: 32.1429%; height: 10px;\">&nbsp;<\/td>\n<td class=\"\" style=\"width: 10.8333%; height: 10px;\">&nbsp;<\/td>\n<\/tr>\n<\/tbody>\n<\/table>\n<p><strong>&nbsp;<\/strong><\/p>\n","protected":false},"excerpt":{"rendered":"<p>In Elsterwerda trainieren wir direkt in der Turnhalle des Oberstufenzentrums direkt gegen\u00fcber des&nbsp;Bahnhofs&nbsp;in Elsterwerda. Der Eingang befindet sich gegen\u00fcber der Neuapostolischen Kirche. Vom Anf\u00e4nger bis Braungurt sind alle Graduierungen vertreten. Trainingszeiten Wer Wann Wo Bei wem &nbsp; &nbsp; &nbsp; &nbsp; Kinder, Jugend und Erwachsene &#8211; Anf\u00e4nger und Fortgeschrittene samstags 9.30 &#8211; 11.00 Uhr Elsterwerda Turnhalle [&hellip;]<\/p>\n","protected":false},"author":2,"featured_media":0,"parent":1051,"menu_order":2,"comment_status":"open","ping_status":"closed","template":"","meta":{"ngg_post_thumbnail":0,"footnotes":""},"class_list":["post-1053","page","type-page","status-publish","hentry"],"_links":{"self":[{"href":"http:\/\/www.bushido-lubwart.de\/wordpress\/wp-json\/wp\/v2\/pages\/1053"}],"collection":[{"href":"http:\/\/www.bushido-lubwart.de\/wordpress\/wp-json\/wp\/v2\/pages"}],"about":[{"href":"http:\/\/www.bushido-lubwart.de\/wordpress\/wp-json\/wp\/v2\/types\/page"}],"author":[{"embeddable":true,"href":"http:\/\/www.bushido-lubwart.de\/wordpress\/wp-json\/wp\/v2\/users\/2"}],"replies":[{"embeddable":true,"href":"http:\/\/www.bushido-lubwart.de\/wordpress\/wp-json\/wp\/v2\/comments?post=1053"}],"version-history":[{"count":4,"href":"http:\/\/www.bushido-lubwart.de\/wordpress\/wp-json\/wp\/v2\/pages\/1053\/revisions"}],"predecessor-version":[{"id":3708,"href":"http:\/\/www.bushido-lubwart.de\/wordpress\/wp-json\/wp\/v2\/pages\/1053\/revisions\/3708"}],"up":[{"embeddable":true,"href":"http:\/\/www.bushido-lubwart.de\/wordpress\/wp-json\/wp\/v2\/pages\/1051"}],"wp:attachment":[{"href":"http:\/\/www.bushido-lubwart.de\/wordpress\/wp-json\/wp\/v2\/media?parent=1053"}],"curies":[{"name":"wp","href":"https:\/\/api.w.org\/{rel}","templated":true}]}}