{"id":1050,"date":"2008-02-25T09:52:45","date_gmt":"2008-02-25T08:52:45","guid":{"rendered":"http:\/\/www.bushido-lubwart.de\/wordpress\/?page_id=1050"},"modified":"2008-02-28T09:56:40","modified_gmt":"2008-02-28T08:56:40","slug":"otake-tetsuo-sensei","status":"publish","type":"page","link":"http:\/\/www.bushido-lubwart.de\/wordpress\/karate-im-verein\/unsere-lehrer\/otake-tetsuo-sensei\/","title":{"rendered":"Otake Tetsuo Sensei"},"content":{"rendered":"<p><img ALIGN=\"left\" HEIGHT=\"202\" WIDTH=\"150\" VSPACE=\"10\" HSPACE=\"10\" BORDER=\"0\" SRC=\"http:\/\/www.bushido-lubwart.de\/wordpress\/wp-content\/uploads\/2008\/02\/otake_150.jpg\" \/>Otake Tetsuo Sensei (5. Dan) ist Chief-Instructor der Japan Karate Association in Griechenland.<\/p>\n<p>Er wurde 1947 in Numazu geboren. Er studierte \u00d6konomie an der Chuo Universit\u00e4t und schloss das Studium 1970 erfolgreich ab. Seit 1974 lebt Otake Sensei in Athen.<\/p>\n<p>Beim ersten Sommerlager des Shotokan Ryu in Deutschland mit Enoeda Sensei war er in Vertretung von Ohta Sensei gleichfalls mit anwesend. Seither hat er bereits zahlreiche Lehrg\u00e4nge und Trainingslager geleitet. Otake Sensei erkl\u00e4rt auszuf\u00fchrende Karate-Techniken bis ins kleinste Detail, so dass man die auszuf\u00fchrende \u00dcbung leicht erfassen und nachvollziehen kann.<\/p>\n","protected":false},"excerpt":{"rendered":"<p>Otake Tetsuo Sensei (5. Dan) ist Chief-Instructor der Japan Karate Association in Griechenland. Er wurde 1947 in Numazu geboren. Er studierte \u00d6konomie an der Chuo Universit\u00e4t und schloss das Studium 1970 erfolgreich ab. Seit 1974 lebt Otake Sensei in Athen. Beim ersten Sommerlager des Shotokan Ryu in Deutschland mit Enoeda Sensei war er in Vertretung [&hellip;]<\/p>\n","protected":false},"author":2,"featured_media":0,"parent":1039,"menu_order":11,"comment_status":"open","ping_status":"open","template":"","meta":{"ngg_post_thumbnail":0,"footnotes":""},"class_list":["post-1050","page","type-page","status-publish","hentry"],"_links":{"self":[{"href":"http:\/\/www.bushido-lubwart.de\/wordpress\/wp-json\/wp\/v2\/pages\/1050"}],"collection":[{"href":"http:\/\/www.bushido-lubwart.de\/wordpress\/wp-json\/wp\/v2\/pages"}],"about":[{"href":"http:\/\/www.bushido-lubwart.de\/wordpress\/wp-json\/wp\/v2\/types\/page"}],"author":[{"embeddable":true,"href":"http:\/\/www.bushido-lubwart.de\/wordpress\/wp-json\/wp\/v2\/users\/2"}],"replies":[{"embeddable":true,"href":"http:\/\/www.bushido-lubwart.de\/wordpress\/wp-json\/wp\/v2\/comments?post=1050"}],"version-history":[{"count":0,"href":"http:\/\/www.bushido-lubwart.de\/wordpress\/wp-json\/wp\/v2\/pages\/1050\/revisions"}],"up":[{"embeddable":true,"href":"http:\/\/www.bushido-lubwart.de\/wordpress\/wp-json\/wp\/v2\/pages\/1039"}],"wp:attachment":[{"href":"http:\/\/www.bushido-lubwart.de\/wordpress\/wp-json\/wp\/v2\/media?parent=1050"}],"curies":[{"name":"wp","href":"https:\/\/api.w.org\/{rel}","templated":true}]}}