{"id":1049,"date":"2008-02-25T09:52:14","date_gmt":"2008-02-25T08:52:14","guid":{"rendered":"http:\/\/www.bushido-lubwart.de\/wordpress\/?page_id=1049"},"modified":"2008-02-28T09:50:16","modified_gmt":"2008-02-28T08:50:16","slug":"enoeda-keinosuke-sensei","status":"publish","type":"page","link":"http:\/\/www.bushido-lubwart.de\/wordpress\/karate-im-verein\/unsere-lehrer\/enoeda-keinosuke-sensei\/","title":{"rendered":"Enoeda Keinosuke Sensei"},"content":{"rendered":"<p>Enoeda Sensei wurde 1935 in Kyushu geboren. Er studierte an der Takushoku Universit\u00e4t \u00d6konomie. Bei den Alljapanischen Meisterschaften gelang ihm nach zahlreichen Platzierungen 1963 der Sieg im Kumite.<\/p>\n<p><img ALIGN=\"left\" HEIGHT=\"129\" WIDTH=\"91\" VSPACE=\"10\" HSPACE=\"10\" BORDER=\"0\" SRC=\"http:\/\/www.bushido-lubwart.de\/wordpress\/wp-content\/uploads\/2008\/02\/enoedasensei_150.jpg\" \/>Im Zuge der weltweiten Verbreitung des Karate unterrichtete Enoeda Sensei in zahlreichen L\u00e4ndern. Er lebte \u00fcber 30 Jahre in England und war bis zu seinem Tod als Chief-Instructor f\u00fcr die JKA in Europa t\u00e4tig.<\/p>\n<p>Enoeda Keinosuke Sensei 8. Dan, ehemaliger Chief-Instructor der JKA Europe<\/p>\n<p>Der Shotokan Ryu in Deutschland (SRD) verdankte nicht zuletzt ihm, dass der SRD neben dem JKA-Karate Bund die zweite von der Japan Karate Association offiziell anerkannte Dachorganisation f\u00fcr Deutschland war.<\/p>\n<p>Enoeda Sensei ist wegen seiner hervorragenden Kampf-Techniken auch bekannt als der &#8222;Tiger&#8220;. Bereits Nakayama Sensei lobte Enoeda Sensei ob seiner meisterhaften Techniken in seinem Werk &#8222;Nakayamas Karate perfekt, Teil 4&#8220;. Viele Kumite-Kombinationen bestimmen das Training bei Enoeda Sensei, wobei er besonderen Wert auf H\u00fcfteinsatz und aufrechte K\u00f6rperhaltung legt.<\/p>\n<p>Kommandos wie &#8222;Use your stomach!&#8220; oder &#8222;Keep your back straight!&#8220; sind in seinem Training h\u00e4ufig zu h\u00f6ren. Doch auch in Kata beweist Enoeda Sensei wahrhaft meisterhaftes K\u00f6nnen.<\/p>\n<p>Enoeda Sensei verstarb am 29.03.2003.<\/p>\n","protected":false},"excerpt":{"rendered":"<p>Enoeda Sensei wurde 1935 in Kyushu geboren. Er studierte an der Takushoku Universit\u00e4t \u00d6konomie. Bei den Alljapanischen Meisterschaften gelang ihm nach zahlreichen Platzierungen 1963 der Sieg im Kumite. Im Zuge der weltweiten Verbreitung des Karate unterrichtete Enoeda Sensei in zahlreichen L\u00e4ndern. Er lebte \u00fcber 30 Jahre in England und war bis zu seinem Tod als [&hellip;]<\/p>\n","protected":false},"author":2,"featured_media":0,"parent":1039,"menu_order":10,"comment_status":"open","ping_status":"open","template":"","meta":{"ngg_post_thumbnail":0,"footnotes":""},"class_list":["post-1049","page","type-page","status-publish","hentry"],"_links":{"self":[{"href":"http:\/\/www.bushido-lubwart.de\/wordpress\/wp-json\/wp\/v2\/pages\/1049"}],"collection":[{"href":"http:\/\/www.bushido-lubwart.de\/wordpress\/wp-json\/wp\/v2\/pages"}],"about":[{"href":"http:\/\/www.bushido-lubwart.de\/wordpress\/wp-json\/wp\/v2\/types\/page"}],"author":[{"embeddable":true,"href":"http:\/\/www.bushido-lubwart.de\/wordpress\/wp-json\/wp\/v2\/users\/2"}],"replies":[{"embeddable":true,"href":"http:\/\/www.bushido-lubwart.de\/wordpress\/wp-json\/wp\/v2\/comments?post=1049"}],"version-history":[{"count":0,"href":"http:\/\/www.bushido-lubwart.de\/wordpress\/wp-json\/wp\/v2\/pages\/1049\/revisions"}],"up":[{"embeddable":true,"href":"http:\/\/www.bushido-lubwart.de\/wordpress\/wp-json\/wp\/v2\/pages\/1039"}],"wp:attachment":[{"href":"http:\/\/www.bushido-lubwart.de\/wordpress\/wp-json\/wp\/v2\/media?parent=1049"}],"curies":[{"name":"wp","href":"https:\/\/api.w.org\/{rel}","templated":true}]}}