{"id":1046,"date":"2008-02-25T09:49:59","date_gmt":"2008-02-25T08:49:59","guid":{"rendered":"http:\/\/www.bushido-lubwart.de\/wordpress\/?page_id=1046"},"modified":"2008-02-28T11:49:42","modified_gmt":"2008-02-28T10:49:42","slug":"otha-yoshinobu-sensei","status":"publish","type":"page","link":"http:\/\/www.bushido-lubwart.de\/wordpress\/karate-im-verein\/unsere-lehrer\/otha-yoshinobu-sensei\/","title":{"rendered":"Ohta Yoshinobu Sensei"},"content":{"rendered":"<p>Ohta Yoshinobu Sensei ist Instructor der Japan Karate Association (JKA). Er ist Tr\u00e4ger des 6. Dan. In seiner Funktion als Assistenz-Trainer des im M\u00e4rz 2003 verstorbenen Chief-Instructor&#8217;s der JKA Europe, Enoeda Keinosuke Sensei (8. Dan), gab und gibt er mehrmals j\u00e4hrlich Lehrg\u00e4nge in Berlin.<\/p>\n<p>Er wurde 1959 geboren. Er studierte an der Takushoku Universit\u00e4t \u00d6konomie und ist Absolvent der JKA-Instructor-Class.<\/p>\n<p><a TARGET=\"_blank\" HREF=\"http:\/\/www.bushido-lubwart.de\/wordpress\/wp-content\/uploads\/2008\/02\/ohtasensei.jpg\"><img ALIGN=\"right\" HEIGHT=\"172\" WIDTH=\"150\" VSPACE=\"10\" HSPACE=\"10\" BORDER=\"0\" ALT=\"Ohta Sensei 6. Dan, JKA-Instruktor England\" SRC=\"http:\/\/www.bushido-lubwart.de\/wordpress\/wp-content\/uploads\/2008\/02\/ohtasensei_150.jpg\" \/><\/a><\/p>\n<p>Bei den Alljapanischen Meisterschaften konnte er sich platzieren.<br \/>\nSeit mehr als 15 Jahren lebt Ohta Sensei in England. Er ist als Instructor f\u00fcr die JKA England und die JKA Europa t\u00e4tig.<\/p>\n<p>Lehrg\u00e4nge mit Ohta Sensei sind ob seiner einfachen und umg\u00e4nglichen Art sehr beliebt und stets gut besucht, da er es hervorragend versteht, Techniken zu erkl\u00e4ren und die Karateka im Training f\u00f6rmlich mitrei\u00dft. Jeder nimmt bei ihm sein pers\u00f6nliches Erfolgserlebnis mit nach hause. Seine exzellenten Kata-Demonstrationen (Vorf\u00fchrung der Kata in Echtzeit mit gleichzeitigen Erkl\u00e4rungen und Anmerkungen) sollte man sich nicht entgehen lassen. Hier erntet er jedes Mal die Bewunderung aller Anwesenden.<\/p>\n","protected":false},"excerpt":{"rendered":"<p>Ohta Yoshinobu Sensei ist Instructor der Japan Karate Association (JKA). Er ist Tr\u00e4ger des 6. Dan. In seiner Funktion als Assistenz-Trainer des im M\u00e4rz 2003 verstorbenen Chief-Instructor&#8217;s der JKA Europe, Enoeda Keinosuke Sensei (8. Dan), gab und gibt er mehrmals j\u00e4hrlich Lehrg\u00e4nge in Berlin. Er wurde 1959 geboren. Er studierte an der Takushoku Universit\u00e4t \u00d6konomie [&hellip;]<\/p>\n","protected":false},"author":2,"featured_media":0,"parent":1039,"menu_order":7,"comment_status":"open","ping_status":"open","template":"","meta":{"ngg_post_thumbnail":0,"footnotes":""},"class_list":["post-1046","page","type-page","status-publish","hentry"],"_links":{"self":[{"href":"http:\/\/www.bushido-lubwart.de\/wordpress\/wp-json\/wp\/v2\/pages\/1046"}],"collection":[{"href":"http:\/\/www.bushido-lubwart.de\/wordpress\/wp-json\/wp\/v2\/pages"}],"about":[{"href":"http:\/\/www.bushido-lubwart.de\/wordpress\/wp-json\/wp\/v2\/types\/page"}],"author":[{"embeddable":true,"href":"http:\/\/www.bushido-lubwart.de\/wordpress\/wp-json\/wp\/v2\/users\/2"}],"replies":[{"embeddable":true,"href":"http:\/\/www.bushido-lubwart.de\/wordpress\/wp-json\/wp\/v2\/comments?post=1046"}],"version-history":[{"count":0,"href":"http:\/\/www.bushido-lubwart.de\/wordpress\/wp-json\/wp\/v2\/pages\/1046\/revisions"}],"up":[{"embeddable":true,"href":"http:\/\/www.bushido-lubwart.de\/wordpress\/wp-json\/wp\/v2\/pages\/1039"}],"wp:attachment":[{"href":"http:\/\/www.bushido-lubwart.de\/wordpress\/wp-json\/wp\/v2\/media?parent=1046"}],"curies":[{"name":"wp","href":"https:\/\/api.w.org\/{rel}","templated":true}]}}