{"id":1045,"date":"2008-02-25T09:49:34","date_gmt":"2008-02-25T08:49:34","guid":{"rendered":"http:\/\/www.bushido-lubwart.de\/wordpress\/?page_id=1045"},"modified":"2008-02-28T09:51:04","modified_gmt":"2008-02-28T08:51:04","slug":"beate-kruger","status":"publish","type":"page","link":"http:\/\/www.bushido-lubwart.de\/wordpress\/karate-im-verein\/unsere-lehrer\/beate-kruger\/","title":{"rendered":"Beate Kr\u00fcger"},"content":{"rendered":"<p><img ALIGN=\"left\" HEIGHT=\"121\" WIDTH=\"150\" VSPACE=\"10\" HSPACE=\"10\" BORDER=\"0\" SRC=\"http:\/\/www.bushido-lubwart.de\/wordpress\/wp-content\/uploads\/2008\/02\/beate_150.jpg\" \/>Beate Kr\u00fcger war die erste, die als Honorar-Trainerin den Weg nach Elsterwerda fand. Besonders in den schwierigen Anfangsjahren des Vereins konnten wir sie zweimal j\u00e4hrlich zu Lehrg\u00e4ngen begr\u00fc\u00dfen. Seit Mitte 1993 zog sich Beate Kr\u00fcger jedoch mehr und mehr zur\u00fcck.<\/p>\n<p>Es ist mir seither leider nicht mehr gelungen, wieder einen Lehrgang mit ihr zu organisieren, obgleich Ihre Trainingseinheiten ebenso beliebt waren wie heute die von <a HREF=\"http:\/\/www.bushido-lubwart.de\/wordpress\/?page_id=1044\">Siegfried Gelz<\/a>.<\/p>\n","protected":false},"excerpt":{"rendered":"<p>Beate Kr\u00fcger war die erste, die als Honorar-Trainerin den Weg nach Elsterwerda fand. Besonders in den schwierigen Anfangsjahren des Vereins konnten wir sie zweimal j\u00e4hrlich zu Lehrg\u00e4ngen begr\u00fc\u00dfen. Seit Mitte 1993 zog sich Beate Kr\u00fcger jedoch mehr und mehr zur\u00fcck. Es ist mir seither leider nicht mehr gelungen, wieder einen Lehrgang mit ihr zu organisieren, [&hellip;]<\/p>\n","protected":false},"author":2,"featured_media":0,"parent":1039,"menu_order":6,"comment_status":"open","ping_status":"open","template":"","meta":{"ngg_post_thumbnail":0,"footnotes":""},"class_list":["post-1045","page","type-page","status-publish","hentry"],"_links":{"self":[{"href":"http:\/\/www.bushido-lubwart.de\/wordpress\/wp-json\/wp\/v2\/pages\/1045"}],"collection":[{"href":"http:\/\/www.bushido-lubwart.de\/wordpress\/wp-json\/wp\/v2\/pages"}],"about":[{"href":"http:\/\/www.bushido-lubwart.de\/wordpress\/wp-json\/wp\/v2\/types\/page"}],"author":[{"embeddable":true,"href":"http:\/\/www.bushido-lubwart.de\/wordpress\/wp-json\/wp\/v2\/users\/2"}],"replies":[{"embeddable":true,"href":"http:\/\/www.bushido-lubwart.de\/wordpress\/wp-json\/wp\/v2\/comments?post=1045"}],"version-history":[{"count":0,"href":"http:\/\/www.bushido-lubwart.de\/wordpress\/wp-json\/wp\/v2\/pages\/1045\/revisions"}],"up":[{"embeddable":true,"href":"http:\/\/www.bushido-lubwart.de\/wordpress\/wp-json\/wp\/v2\/pages\/1039"}],"wp:attachment":[{"href":"http:\/\/www.bushido-lubwart.de\/wordpress\/wp-json\/wp\/v2\/media?parent=1045"}],"curies":[{"name":"wp","href":"https:\/\/api.w.org\/{rel}","templated":true}]}}