{"id":1040,"date":"2008-02-25T09:46:45","date_gmt":"2008-02-25T08:46:45","guid":{"rendered":"http:\/\/www.bushido-lubwart.de\/wordpress\/?page_id=1040"},"modified":"2008-02-28T11:48:53","modified_gmt":"2008-02-28T10:48:53","slug":"safar-lb-sensei","status":"publish","type":"page","link":"http:\/\/www.bushido-lubwart.de\/wordpress\/karate-im-verein\/unsere-lehrer\/safar-lb-sensei\/","title":{"rendered":"S\u00e1f\u00e1r L.B. Sensei"},"content":{"rendered":"<p>Er ist Absolvent der ber\u00fchmten JKA-Instruktor-Klasse und hatte das Gl\u00fcck unter und mit den bekanntesten und gr\u00f6\u00dften Meistern zu trainieren, die die Japan Karate Association je hatte. Zu seinen Lehrern z\u00e4hlen so bekannte Karate-Gr\u00f6\u00dfen wie Nakayama Masatoshi Sensei, Nishiyama Hidetaka Sensei und Okazaki Teruyuki Sensei, mit dem ihn auch heute noch eine tiefe Freundschaft verbindet.<\/p>\n<p><a TARGET=\"_blank\" HREF=\"http:\/\/www.bushido-lubwart.de\/wordpress\/wp-content\/uploads\/2008\/02\/safarajka.jpg\"><img SRC=\"http:\/\/www.bushido-lubwart.de\/wordpress\/wp-content\/uploads\/2008\/02\/safarajka_150.jpg\" BORDER=\"0\" HSPACE=\"10\" VSPACE=\"10\" WIDTH=\"150\" HEIGHT=\"173\" ALIGN=\"right\" \/><\/a>Heute reist S\u00e1f\u00e1r Sensei viel in durch die Welt und gibt Unterricht vorwiegend in Amerika und Europa. Er ist durch zahlreiche Fachbeitr\u00e4ge in renommierten Zeitschriften bekannt geworden.<\/p>\n<p>S\u00e1f\u00e1r Sensei 9. Dan, Technischer Direktor der American JKA<\/p>\n<p>Hier in Deutschland leitet er im Auftrag des Shotokan Ryu Deutschland e.V. die Instruktor-Ausbildung, welche nach dem Vorbild der JKA-Instruktor-Klasse organisiert ist und auf den Erkenntnissen der durch Nakayama Sensei in Auftrag gegebenen sportwissenschaftlichen Untersuchungen des Karate an der Long Island Universit\u00e4t unter Leitung von Prof. Stricevic (Modernes Karate) basiert.<\/p>\n<p>Er gibt sein Wissen, welches er sich in jahrelanger harter Arbeit erworben hat, im Sinne von Nakayama Sensei weiter, der immer gefordert hatte, dass nach Beendigung der Instruktor-Ausbildung das erworbene Wissen weitervermittelt werden muss. Denn wenn dieses Wissen nicht weitergegeben wird, dann ist es nichts als totes Wissen.<br \/>\nS\u00e1f\u00e1r Sensei sieht es als seinen Auftrag an, dieses Verm\u00e4chtnis Nakayama Sensei&#8217;s zu erf\u00fcllen.<\/p>\n<p>Safar Sensei &#8211; Mae Geri Auch wenn er auf die 70 zugeht, so trainiert Safar Sensei auch heute noch t\u00e4glich.<\/p>\n<p>S\u00e1f\u00e1r Sensei, Jahrgang 1937, begann 1959 mit \u00dcbung von Karate-Do. Er hat unter so bekannten Meistern wie Nakayama, Okazaki und Nishiyama gelernt, ist lizensierter JKA-Instruktor und \u2013pr\u00fcfer.<\/p>\n<p>Dar\u00fcber hinaus ist S\u00e1f\u00e1r Sensei Professor der Universit\u00e4t von Long Island, New York. Hier hat er an langj\u00e4hrigen Forschungsprogrammen \u00fcber Karate-D\u00f5 mitgewirkt. Im Ergebnis dieser wissenschaftlichen Untersuchungen sind mehrere B\u00fccher ver\u00f6ffentlicht worden, u.a. &#8222;Modernes Karate&#8220; von Okazaki u. Stricevic.<\/p>\n<p>Heute lebt und unterrichtet er \u00fcberwiegend in seiner alten Heimat Ungarn, die er wegen des Einmarsches der sowjetischen Truppen 1956 verlassen hatte. Seit seiner R\u00fcckkehr, widmet er seine ganze Kraft der F\u00f6rderung des Shotokan-Karate in seiner Heimat und Europa.<\/p>\n","protected":false},"excerpt":{"rendered":"<p>Er ist Absolvent der ber\u00fchmten JKA-Instruktor-Klasse und hatte das Gl\u00fcck unter und mit den bekanntesten und gr\u00f6\u00dften Meistern zu trainieren, die die Japan Karate Association je hatte. Zu seinen Lehrern z\u00e4hlen so bekannte Karate-Gr\u00f6\u00dfen wie Nakayama Masatoshi Sensei, Nishiyama Hidetaka Sensei und Okazaki Teruyuki Sensei, mit dem ihn auch heute noch eine tiefe Freundschaft verbindet. [&hellip;]<\/p>\n","protected":false},"author":2,"featured_media":0,"parent":1039,"menu_order":1,"comment_status":"open","ping_status":"open","template":"","meta":{"ngg_post_thumbnail":0,"footnotes":""},"class_list":["post-1040","page","type-page","status-publish","hentry"],"_links":{"self":[{"href":"http:\/\/www.bushido-lubwart.de\/wordpress\/wp-json\/wp\/v2\/pages\/1040"}],"collection":[{"href":"http:\/\/www.bushido-lubwart.de\/wordpress\/wp-json\/wp\/v2\/pages"}],"about":[{"href":"http:\/\/www.bushido-lubwart.de\/wordpress\/wp-json\/wp\/v2\/types\/page"}],"author":[{"embeddable":true,"href":"http:\/\/www.bushido-lubwart.de\/wordpress\/wp-json\/wp\/v2\/users\/2"}],"replies":[{"embeddable":true,"href":"http:\/\/www.bushido-lubwart.de\/wordpress\/wp-json\/wp\/v2\/comments?post=1040"}],"version-history":[{"count":0,"href":"http:\/\/www.bushido-lubwart.de\/wordpress\/wp-json\/wp\/v2\/pages\/1040\/revisions"}],"up":[{"embeddable":true,"href":"http:\/\/www.bushido-lubwart.de\/wordpress\/wp-json\/wp\/v2\/pages\/1039"}],"wp:attachment":[{"href":"http:\/\/www.bushido-lubwart.de\/wordpress\/wp-json\/wp\/v2\/media?parent=1040"}],"curies":[{"name":"wp","href":"https:\/\/api.w.org\/{rel}","templated":true}]}}