{"id":1039,"date":"2008-02-25T09:46:02","date_gmt":"2008-02-25T08:46:02","guid":{"rendered":"http:\/\/www.bushido-lubwart.de\/wordpress\/?page_id=1039"},"modified":"2023-09-19T10:24:20","modified_gmt":"2023-09-19T09:24:20","slug":"unsere-lehrer","status":"publish","type":"page","link":"http:\/\/www.bushido-lubwart.de\/wordpress\/karate-im-verein\/unsere-lehrer\/","title":{"rendered":"Unsere Lehrer"},"content":{"rendered":"<p><a href=\"http:\/\/www.bushido-lubwart.de\/wordpress\/wp-content\/uploads\/2008\/02\/kumite.jpg\" target=\"_blank\" rel=\"noopener\"><img loading=\"lazy\" decoding=\"async\" src=\"http:\/\/www.bushido-lubwart.de\/wordpress\/wp-content\/uploads\/2008\/02\/kumite_1501.jpg\" width=\"150\" height=\"112\" align=\"right\" border=\"0\" hspace=\"10\" vspace=\"10\"><\/a>All jenen, denen wir unser Wissen und unsere Kenntnisse verdanken, sind wir Dank und Respekt schuldig. Den Lehrer zu vergessen oder zu verleugnen ist wohl mit das Schlimmste, was ein Sch\u00fcler seinem Lehrmeister antun kann.<\/p>\n<p>Wir m\u00f6chten an dieser Stelle kurz diejenigen Personen vorstellen, denen unsere Lehrer und damit auch schlussendlich unser Verein, viel zu verdanken haben.<\/p>\n<table style=\"width: 100%; height: 431px;\">\n<tbody>\n<tr style=\"height: 23px;\">\n<td class=\"\" style=\"height: 23px; width: 49.7619%;\"><strong><a href=\"http:\/\/www.bushido-lubwart.de\/wordpress\/?page_id=1040\">S\u00e1f\u00e1r L.B. Sensei<\/a><\/strong><\/td>\n<td class=\"\" style=\"height: 23px; width: 5.11905%;\">&nbsp;<\/td>\n<td class=\"\" style=\"height: 23px; width: 38.6905%;\"><strong><a href=\"http:\/\/www.bushido-lubwart.de\/wordpress\/?page_id=1046\">Ohta Yoshinobu Sensei<\/a><\/strong><\/td>\n<td class=\"\" style=\"height: 23px; width: 5.11905%;\">&nbsp;<\/td>\n<\/tr>\n<tr style=\"height: 49px;\">\n<td class=\"\" style=\"height: 49px; width: 49.7619%;\">S\u00e1f\u00e1r Sensei, 9. Dan, Technischer Direktor der American JKA<\/td>\n<td class=\"\" style=\"height: 49px; width: 5.11905%;\"><a href=\"http:\/\/www.bushido-lubwart.de\/wordpress\/?page_id=1040\"><img decoding=\"async\" src=\"http:\/\/www.bushido-lubwart.de\/wordpress\/wp-content\/uploads\/2008\/02\/safarajka_72.jpg\"><\/a><\/td>\n<td class=\"\" style=\"height: 49px; width: 38.6905%;\">Ohta Yoshinobu Sensei 6. Dan, JKA-Instruktor England<\/td>\n<td class=\"\" style=\"height: 49px; width: 5.11905%;\"><a href=\"http:\/\/www.bushido-lubwart.de\/wordpress\/?page_id=1046\"><img decoding=\"async\" src=\"http:\/\/www.bushido-lubwart.de\/wordpress\/wp-content\/uploads\/2008\/02\/ohtasensei_72.jpg\"><\/a><\/td>\n<\/tr>\n<tr style=\"height: 23px;\">\n<td class=\"\" style=\"height: 23px; width: 49.7619%;\"><strong><a href=\"http:\/\/www.bushido-lubwart.de\/wordpress\/?page_id=1041\">Fujinaga Yasuyuki Sensei<\/a><\/strong><\/td>\n<td class=\"\" style=\"height: 23px; width: 5.11905%;\">&nbsp;<\/td>\n<td class=\"\" style=\"height: 23px; width: 38.6905%;\"><strong><a href=\"http:\/\/www.bushido-lubwart.de\/wordpress\/?page_id=1047\">Namiki Toshiaki Sensei<\/a><\/strong><\/td>\n<td class=\"\" style=\"height: 23px; width: 5.11905%;\">&nbsp;<\/td>\n<\/tr>\n<tr style=\"height: 50px;\">\n<td class=\"\" style=\"height: 50px; width: 49.7619%;\">Sensei Fujinaga Yasuyuki Sensei, 5. Dan, ehemaliger BT Austria<\/td>\n<td class=\"\" style=\"height: 50px; width: 5.11905%;\"><a href=\"http:\/\/www.bushido-lubwart.de\/wordpress\/?page_id=1041\"><img decoding=\"async\" src=\"http:\/\/www.bushido-lubwart.de\/wordpress\/wp-content\/uploads\/2008\/02\/fujinagasensei_72.jpg\"><\/a><\/td>\n<td class=\"\" style=\"height: 50px; width: 38.6905%;\">Namiki Sensei, 8. Dan JSKF<\/td>\n<td class=\"\" style=\"height: 50px; width: 5.11905%;\"><a href=\"http:\/\/www.bushido-lubwart.de\/wordpress\/?page_id=1047\"><img decoding=\"async\" src=\"http:\/\/www.bushido-lubwart.de\/wordpress\/wp-content\/uploads\/2008\/02\/namikisensei_72.jpg\"><\/a><\/td>\n<\/tr>\n<tr style=\"height: 23px;\">\n<td class=\"\" style=\"height: 23px; width: 49.7619%;\"><strong><a href=\"http:\/\/www.bushido-lubwart.de\/wordpress\/?page_id=1042\">Tanaka Masahiko Sensei<\/a><\/strong><\/td>\n<td class=\"\" style=\"height: 23px; width: 5.11905%;\">&nbsp;<\/td>\n<td class=\"\" style=\"height: 23px; width: 38.6905%;\"><strong><a href=\"http:\/\/www.bushido-lubwart.de\/wordpress\/?page_id=1048\">Imura Takenori Sensei<\/a><\/strong><\/td>\n<td class=\"\" style=\"height: 23px; width: 5.11905%;\">&nbsp;<\/td>\n<\/tr>\n<tr style=\"height: 56px;\">\n<td class=\"\" style=\"height: 56px; width: 49.7619%;\">Tanaka Masahiko Sensei 8. Dan, General Manager der JKA, Instructor im Honbu-Dojo<\/td>\n<td class=\"\" style=\"height: 56px; width: 5.11905%;\"><a href=\"http:\/\/www.bushido-lubwart.de\/wordpress\/?page_id=1042\"><img decoding=\"async\" src=\"http:\/\/www.bushido-lubwart.de\/wordpress\/wp-content\/uploads\/2008\/02\/tanaksensei_72.jpg\"><\/a><\/td>\n<td class=\"\" style=\"height: 56px; width: 38.6905%;\">Imura Takenori Sensei 7. Dan, Instructor im Honbu Dojo der JKA<\/td>\n<td class=\"\" style=\"height: 56px; width: 5.11905%;\"><a href=\"http:\/\/www.bushido-lubwart.de\/wordpress\/?page_id=1048\"><img decoding=\"async\" src=\"http:\/\/www.bushido-lubwart.de\/wordpress\/wp-content\/uploads\/2008\/02\/fujinagasensei_721.jpg\"><\/a><\/td>\n<\/tr>\n<tr style=\"height: 23px;\">\n<td class=\"\" style=\"height: 23px; width: 49.7619%;\"><strong><a href=\"http:\/\/www.bushido-lubwart.de\/wordpress\/?page_id=1043\">J\u00f6rg Kohl<\/a><\/strong><\/td>\n<td class=\"\" style=\"height: 23px; width: 5.11905%;\">&nbsp;<\/td>\n<td class=\"\" style=\"height: 23px; width: 38.6905%;\"><strong><a href=\"http:\/\/www.bushido-lubwart.de\/wordpress\/?page_id=1049\">Enoeda Keinosuke Sensei<\/a><\/strong><\/td>\n<td class=\"\" style=\"height: 23px; width: 5.11905%;\">&nbsp;<\/td>\n<\/tr>\n<tr style=\"height: 59px;\">\n<td class=\"\" style=\"height: 59px; width: 49.7619%;\">J\u00f6rg Kohl 6. Dan, Mitbegr\u00fcnder und Pr\u00e4sident des SRD<\/td>\n<td class=\"\" style=\"height: 59px; width: 5.11905%;\"><a href=\"http:\/\/www.bushido-lubwart.de\/wordpress\/?page_id=1043\"><img decoding=\"async\" src=\"http:\/\/www.bushido-lubwart.de\/wordpress\/wp-content\/uploads\/2008\/02\/joergkohl_72.jpg\"><\/a><\/td>\n<td class=\"\" style=\"height: 59px; width: 38.6905%;\">Sensei Enoeda Keinosuke Sensei, 8. Dan &#8211; &#8222;Tora&#8220;, Tiger genannt<\/td>\n<td class=\"\" style=\"height: 59px; width: 5.11905%;\"><a href=\"http:\/\/www.bushido-lubwart.de\/wordpress\/?page_id=1049\"><img decoding=\"async\" src=\"http:\/\/www.bushido-lubwart.de\/wordpress\/wp-content\/uploads\/2008\/02\/enoedasensei_72.jpg\"><\/a><\/td>\n<\/tr>\n<tr style=\"height: 23px;\">\n<td class=\"\" style=\"height: 23px; width: 49.7619%;\"><strong><a href=\"http:\/\/www.bushido-lubwart.de\/wordpress\/?page_id=1044\">Siegfried Gelz<\/a><\/strong><\/td>\n<td class=\"\" style=\"height: 23px; width: 5.11905%;\">&nbsp;<\/td>\n<td class=\"\" style=\"height: 23px; width: 38.6905%;\"><strong><a href=\"http:\/\/www.bushido-lubwart.de\/wordpress\/?page_id=1050\">Otake Tetsuo<\/a><\/strong><\/td>\n<td class=\"\" style=\"height: 23px; width: 5.11905%;\">&nbsp;<\/td>\n<\/tr>\n<tr style=\"height: 56px;\">\n<td class=\"\" style=\"height: 56px; width: 49.7619%;\">Siegfried Gelz, 5. Dan SRD-Instructor<\/td>\n<td class=\"\" style=\"height: 56px; width: 5.11905%;\"><a href=\"http:\/\/www.bushido-lubwart.de\/wordpress\/?page_id=1044\"><img decoding=\"async\" src=\"http:\/\/www.bushido-lubwart.de\/wordpress\/wp-content\/uploads\/2008\/02\/siggigelz_72.jpg\"><\/a><\/td>\n<td class=\"\" style=\"height: 56px; width: 38.6905%;\">Otake Tetsuo Sensei 6. Dan JKA, Chief-Instructor Griechenland<\/td>\n<td class=\"\" style=\"height: 56px; width: 5.11905%;\"><a href=\"http:\/\/www.bushido-lubwart.de\/wordpress\/?page_id=1050\"><img decoding=\"async\" src=\"http:\/\/www.bushido-lubwart.de\/wordpress\/wp-content\/uploads\/2008\/02\/otake_72.jpg\"><\/a><\/td>\n<\/tr>\n<tr style=\"height: 23px;\">\n<td class=\"\" style=\"height: 23px; width: 49.7619%;\"><strong><a href=\"http:\/\/www.bushido-lubwart.de\/wordpress\/?page_id=1045\">Beate Kr\u00fcger<\/a><\/strong><\/td>\n<td class=\"\" style=\"height: 23px; width: 5.11905%;\">&nbsp;<\/td>\n<td class=\"\" style=\"height: 23px; width: 38.6905%;\">&nbsp;<\/td>\n<td class=\"\" style=\"height: 23px; width: 5.11905%;\">&nbsp;<\/td>\n<\/tr>\n<tr style=\"height: 23px;\">\n<td class=\"\" style=\"height: 23px; width: 49.7619%;\">Trainerin in Berlin<\/td>\n<td class=\"\" style=\"height: 23px; width: 5.11905%;\">&nbsp;<\/td>\n<td class=\"\" style=\"height: 23px; width: 38.6905%;\">&nbsp;<\/td>\n<td class=\"\" style=\"height: 23px; width: 5.11905%;\">&nbsp;<\/td>\n<\/tr>\n<tr>\n<td style=\"width: 49.7619%;\">Andre Bertel (6. Dan)<\/td>\n<td style=\"width: 5.11905%;\">&nbsp;<\/td>\n<td style=\"width: 38.6905%;\">&nbsp;<\/td>\n<td style=\"width: 5.11905%;\">&nbsp;<\/td>\n<\/tr>\n<tr>\n<td style=\"width: 49.7619%;\">Julian Chees (6. Dan)<\/td>\n<td style=\"width: 5.11905%;\">&nbsp;<\/td>\n<td style=\"width: 38.6905%;\">&nbsp;<\/td>\n<td style=\"width: 5.11905%;\">&nbsp;<\/td>\n<\/tr>\n<tr>\n<td style=\"width: 49.7619%;\">Frank Pelny (7. Dan)<\/td>\n<td style=\"width: 5.11905%;\">&nbsp;<\/td>\n<td style=\"width: 38.6905%;\">&nbsp;<\/td>\n<td style=\"width: 5.11905%;\">&nbsp;<\/td>\n<\/tr>\n<\/tbody>\n<\/table>\n","protected":false},"excerpt":{"rendered":"<p>All jenen, denen wir unser Wissen und unsere Kenntnisse verdanken, sind wir Dank und Respekt schuldig. Den Lehrer zu vergessen oder zu verleugnen ist wohl mit das Schlimmste, was ein Sch\u00fcler seinem Lehrmeister antun kann. Wir m\u00f6chten an dieser Stelle kurz diejenigen Personen vorstellen, denen unsere Lehrer und damit auch schlussendlich unser Verein, viel zu [&hellip;]<\/p>\n","protected":false},"author":2,"featured_media":0,"parent":1030,"menu_order":4,"comment_status":"open","ping_status":"open","template":"","meta":{"ngg_post_thumbnail":0,"footnotes":""},"class_list":["post-1039","page","type-page","status-publish","hentry"],"_links":{"self":[{"href":"http:\/\/www.bushido-lubwart.de\/wordpress\/wp-json\/wp\/v2\/pages\/1039"}],"collection":[{"href":"http:\/\/www.bushido-lubwart.de\/wordpress\/wp-json\/wp\/v2\/pages"}],"about":[{"href":"http:\/\/www.bushido-lubwart.de\/wordpress\/wp-json\/wp\/v2\/types\/page"}],"author":[{"embeddable":true,"href":"http:\/\/www.bushido-lubwart.de\/wordpress\/wp-json\/wp\/v2\/users\/2"}],"replies":[{"embeddable":true,"href":"http:\/\/www.bushido-lubwart.de\/wordpress\/wp-json\/wp\/v2\/comments?post=1039"}],"version-history":[{"count":1,"href":"http:\/\/www.bushido-lubwart.de\/wordpress\/wp-json\/wp\/v2\/pages\/1039\/revisions"}],"predecessor-version":[{"id":3618,"href":"http:\/\/www.bushido-lubwart.de\/wordpress\/wp-json\/wp\/v2\/pages\/1039\/revisions\/3618"}],"up":[{"embeddable":true,"href":"http:\/\/www.bushido-lubwart.de\/wordpress\/wp-json\/wp\/v2\/pages\/1030"}],"wp:attachment":[{"href":"http:\/\/www.bushido-lubwart.de\/wordpress\/wp-json\/wp\/v2\/media?parent=1039"}],"curies":[{"name":"wp","href":"https:\/\/api.w.org\/{rel}","templated":true}]}}