{"id":1034,"date":"2008-02-25T09:26:53","date_gmt":"2008-02-25T08:26:53","guid":{"rendered":"http:\/\/www.bushido-lubwart.de\/wordpress\/?page_id=1034"},"modified":"2022-06-16T06:44:14","modified_gmt":"2022-06-16T05:44:14","slug":"marco-kessler","status":"publish","type":"page","link":"http:\/\/www.bushido-lubwart.de\/wordpress\/karate-im-verein\/trainer\/marco-kessler\/","title":{"rendered":"Marco Pfitzmann"},"content":{"rendered":"\n<p><img loading=\"lazy\" decoding=\"async\" width=\"150\" height=\"199\" align=\"right\" border=\"0\" hspace=\"10\" vspace=\"10\" src=\"http:\/\/www.bushido-lubwart.de\/wordpress\/wp-content\/uploads\/2008\/02\/marco_150.jpg\">Marco Pfitzmann (geb. Ke\u00dfler) wurde am 09.04.1981 geboren. Nach der Beendigung seiner Ausbildung als Industriekaufmann war Marco zun\u00e4chst bei <a href=\"https:\/\/www.budoten.com\/kampfsportversand\/\">Budoten<\/a> t\u00e4tig.<\/p>\n\n\n\n<p>Marco trat dem Verein im Juli 1992 bei und nahm sein Training zun\u00e4chst bei Volker Klinkisch in Bad Liebenwerda auf. Schon kurze Zeit sp\u00e4ter trainierte Marco auf Empfehlung von Ralph P. G\u00f6rlach auch in Elsterwerda. Ab Ende 1992 trainierte er ausschlie\u00dflich bei Ralph P. G\u00f6rlach, da dieser nunmehr neuer Trainer des Vereins geworden war.<\/p>\n\n\n\n<p>Aufgrund seines Talents wurde er 1994 im Alter von nur 13 Jahren zum \u00dcbungsleiter des Vereins berufen. Er war zu Beginn als Assistenztrainer t\u00e4tig und \u00fcbernahm dann nach beruflich bedingten Ausscheiden mehrerer \u00dcbungsleiter selbstst\u00e4ndig eine Trainingsgruppe in Bad Liebenwerda.<\/p>\n\n\n\n<p>Jetzt ist er in Elsterwerda f\u00fcr das Anf\u00e4nger-Training zust\u00e4ndig.<\/p>\n\n\n\n<p>Marco konnte bereits zahlreiche Titel erringen. Darunter drei Landesmeistertitel und einen Deutschen Meistertitel.<\/p>\n\n\n\n<p>Qualifikationen:<br>3. Dan Shotokan<br>Absolvent der 2. Karate Instructor-Schule in Deutschland (AJKA)<br>LSB-Lizenz \u00dcbungsleiter Breitensport \/ Trainer C<\/p>\n\n\n\n<p>Am 27.8.2016 hat Marco Ke\u00dfler geheiratet und den Namen Marco Pfitzmann angenommen.<\/p>\n","protected":false},"excerpt":{"rendered":"<p>Marco Pfitzmann (geb. Ke\u00dfler) wurde am 09.04.1981 geboren. Nach der Beendigung seiner Ausbildung als Industriekaufmann war Marco zun\u00e4chst bei Budoten t\u00e4tig. Marco trat dem Verein im Juli 1992 bei und nahm sein Training zun\u00e4chst bei Volker Klinkisch in Bad Liebenwerda auf. Schon kurze Zeit sp\u00e4ter trainierte Marco auf Empfehlung von Ralph P. G\u00f6rlach auch in [&hellip;]<\/p>\n","protected":false},"author":2,"featured_media":0,"parent":1032,"menu_order":2,"comment_status":"open","ping_status":"closed","template":"","meta":{"ngg_post_thumbnail":0,"footnotes":""},"class_list":["post-1034","page","type-page","status-publish","hentry"],"_links":{"self":[{"href":"http:\/\/www.bushido-lubwart.de\/wordpress\/wp-json\/wp\/v2\/pages\/1034"}],"collection":[{"href":"http:\/\/www.bushido-lubwart.de\/wordpress\/wp-json\/wp\/v2\/pages"}],"about":[{"href":"http:\/\/www.bushido-lubwart.de\/wordpress\/wp-json\/wp\/v2\/types\/page"}],"author":[{"embeddable":true,"href":"http:\/\/www.bushido-lubwart.de\/wordpress\/wp-json\/wp\/v2\/users\/2"}],"replies":[{"embeddable":true,"href":"http:\/\/www.bushido-lubwart.de\/wordpress\/wp-json\/wp\/v2\/comments?post=1034"}],"version-history":[{"count":7,"href":"http:\/\/www.bushido-lubwart.de\/wordpress\/wp-json\/wp\/v2\/pages\/1034\/revisions"}],"predecessor-version":[{"id":3546,"href":"http:\/\/www.bushido-lubwart.de\/wordpress\/wp-json\/wp\/v2\/pages\/1034\/revisions\/3546"}],"up":[{"embeddable":true,"href":"http:\/\/www.bushido-lubwart.de\/wordpress\/wp-json\/wp\/v2\/pages\/1032"}],"wp:attachment":[{"href":"http:\/\/www.bushido-lubwart.de\/wordpress\/wp-json\/wp\/v2\/media?parent=1034"}],"curies":[{"name":"wp","href":"https:\/\/api.w.org\/{rel}","templated":true}]}}