{"id":1033,"date":"2008-02-25T09:26:29","date_gmt":"2008-02-25T08:26:29","guid":{"rendered":"http:\/\/www.bushido-lubwart.de\/wordpress\/?page_id=1033"},"modified":"2022-06-16T06:40:52","modified_gmt":"2022-06-16T05:40:52","slug":"ralph-p-gorlach","status":"publish","type":"page","link":"http:\/\/www.bushido-lubwart.de\/wordpress\/karate-im-verein\/trainer\/ralph-p-gorlach\/","title":{"rendered":"Ralph P. G\u00f6rlach"},"content":{"rendered":"\n<p><a href=\"http:\/\/www.bushido-lubwart.de\/wordpress\/wp-content\/uploads\/2008\/02\/dojoralph.jpg\" target=\"_blank\" rel=\"noopener noreferrer\"><img loading=\"lazy\" decoding=\"async\" src=\"http:\/\/www.bushido-lubwart.de\/wordpress\/wp-content\/uploads\/2008\/02\/ralph_150.jpg\" width=\"150\" height=\"199\" align=\"right\" border=\"0\" hspace=\"10\" vspace=\"10\"><\/a>Ralph P. G\u00f6rlach wurde am 25.04.1973 geboren. Nach Beendigung seines Studiums war er hauptberuflich in der Finanzverwaltung des Landes Brandenburg t\u00e4tig. Er ist Organist an den Katholischen Kirchen zu Elsterwerda (seit 1988) und Gr\u00f6ditz (seit 2010).<\/p>\n\n\n\n<p>Zun\u00e4chst begann Ralph Ende der 1980er Jahre seine Karate-Kenntnisse im Selbststudium zu erarbeiten. Im November 1990 trat Ralph dem Polizeisportverein Lubwart Bad Liebenwerda bei, in dem er dann bei J\u00f6rg Spanier und Volker Klinkisch sein Karate-Training aufnahm.<\/p>\n\n\n\n<p>W\u00e4hrend seines Studiums (1991-1994) trainierte Ralph zun\u00e4chst bei Fod\u00e9 Ciss\u00e9 (Wado Ryu), sp\u00e4ter dann bei J\u00f6rg Kohl und Beate Kr\u00fcger sowie Marek Kielbasa in Berlin.<\/p>\n\n\n\n<p>Nachdem Beate Kr\u00fcger die Trainingsgruppe in Berlin-Adlershof aus beruflichen Gr\u00fcnden aufgeben musste, wurde diese von Siegfried Gelz \u00fcbernommen, bei dem Ralph sein Training neben regelm\u00e4\u00dfigen Trainingseinheiten bei J\u00f6rg Kohl fortsetzte.<\/p>\n\n\n\n<p>Bereits 1991 wurde Ralph innerhalb des Vereins zun\u00e4chst als Kata-Trainer, sp\u00e4ter auch uneingeschr\u00e4nkt als Trainer eingesetzt.<\/p>\n\n\n\n<p>Anfang 1992 errichtete Ralph die Elsterwerdaer Trainingsgruppe, deren Leitung er \u00fcbernahm. Auf ma\u00dfgebliches Betreiben von ihm verselbst\u00e4ndigte sich die Karategruppe des Polizeisportvereins und gr\u00fcndete am 30.06.1992 einen eigenen Verein. Nachdem sich auch Volker Klinkisch als letzter der urspr\u00fcnglichen Trainer der Liebenwerdaer Trainingsgruppe mehr und mehr zur\u00fcckzog, \u00fcbernahm Ralph Ende 1992 auch die Liebenwerdaer Trainingsgruppe, die er seither leitet. Seit 1993 ist Ralph nicht nur Sensei sondern auch Vorsitzender unseres Vereins.<\/p>\n\n\n\n<p>Um sich weiterzubilden besucht Ralph regelm\u00e4\u00dfig Lehrg\u00e4nge. Als besonders wichtig f\u00fcr seinen Werdegang im Karate sieht er neben seinen direkten Lehrern insbesondere auch die Kurse mit Tanaka Sensei, Namiki Sensei, Imura Sensei und Ohta Sensei sowie dem inzwischen leider verstorben Fujinaga Sensei an.<\/p>\n\n\n\n<p>Besondere Impulse gaben die Instructoren-Ausbildungslehrg\u00e4nge mit Safar Sensei die seither das Training im Verein stark pr\u00e4gen.<\/p>\n\n\n\n<p>Im Mai 1993 errichtete Ralph die Trainingsgruppe Gorden, deren Leitung er 1995 Steffen Wohmann und Maik Hinze \u00fcbergab. Die Trainingsruppen Bad Liebenwerda und Elsterwerda werden von Ralph weiter pers\u00f6nlich betreut.<\/p>\n\n\n\n<p>Sch\u00fcler von Ralph haben schon zahlreiche Titel erk\u00e4mpfen k\u00f6nnen, darunter diverse Landesmeistertitel und auch Deutsche Meistertitel.<\/p>\n\n\n\n<p>Qualifikationen: 4. Dan Shotokan Karate, Absolvent der 1. AJKA Instructor-Class in Deutschland (basierend auf dem Karate Instructor-Trainingsprogramm der Long Island Universit\u00e4t New York) unter Leitung von Safar Sensei, Instructor B American JKA, SRD Assistenz-Instructor-Lizenz, LSB Lizenz \u00dcbungsleiter Breitensport \/ Trainer C, Pr\u00fcfer B-Lizenz SRD und AJKA<\/p>\n\n\n\n<p>1999 Pr\u00fcfung zum 1. Dan (M. Tanaka)<br>2002 Pr\u00fcfung zum 2. Dan (L. B. Safar)<br>2004 Pr\u00fcfung zum 3. Dan (L. B. Safar)<br>2011 Pr\u00fcfung zum 4. Dan (L. B. Safar)<\/p>\n","protected":false},"excerpt":{"rendered":"<p>Ralph P. G\u00f6rlach wurde am 25.04.1973 geboren. Nach Beendigung seines Studiums war er hauptberuflich in der Finanzverwaltung des Landes Brandenburg t\u00e4tig. Er ist Organist an den Katholischen Kirchen zu Elsterwerda (seit 1988) und Gr\u00f6ditz (seit 2010). Zun\u00e4chst begann Ralph Ende der 1980er Jahre seine Karate-Kenntnisse im Selbststudium zu erarbeiten. Im November 1990 trat Ralph dem [&hellip;]<\/p>\n","protected":false},"author":2,"featured_media":0,"parent":1032,"menu_order":1,"comment_status":"open","ping_status":"open","template":"","meta":{"ngg_post_thumbnail":0,"footnotes":""},"class_list":["post-1033","page","type-page","status-publish","hentry"],"_links":{"self":[{"href":"http:\/\/www.bushido-lubwart.de\/wordpress\/wp-json\/wp\/v2\/pages\/1033"}],"collection":[{"href":"http:\/\/www.bushido-lubwart.de\/wordpress\/wp-json\/wp\/v2\/pages"}],"about":[{"href":"http:\/\/www.bushido-lubwart.de\/wordpress\/wp-json\/wp\/v2\/types\/page"}],"author":[{"embeddable":true,"href":"http:\/\/www.bushido-lubwart.de\/wordpress\/wp-json\/wp\/v2\/users\/2"}],"replies":[{"embeddable":true,"href":"http:\/\/www.bushido-lubwart.de\/wordpress\/wp-json\/wp\/v2\/comments?post=1033"}],"version-history":[{"count":9,"href":"http:\/\/www.bushido-lubwart.de\/wordpress\/wp-json\/wp\/v2\/pages\/1033\/revisions"}],"predecessor-version":[{"id":3545,"href":"http:\/\/www.bushido-lubwart.de\/wordpress\/wp-json\/wp\/v2\/pages\/1033\/revisions\/3545"}],"up":[{"embeddable":true,"href":"http:\/\/www.bushido-lubwart.de\/wordpress\/wp-json\/wp\/v2\/pages\/1032"}],"wp:attachment":[{"href":"http:\/\/www.bushido-lubwart.de\/wordpress\/wp-json\/wp\/v2\/media?parent=1033"}],"curies":[{"name":"wp","href":"https:\/\/api.w.org\/{rel}","templated":true}]}}