{"id":1018,"date":"2008-02-22T11:37:31","date_gmt":"2008-02-22T10:37:31","guid":{"rendered":"http:\/\/www.bushido-lubwart.de\/wordpress\/?page_id=1018"},"modified":"2023-07-01T06:25:36","modified_gmt":"2023-07-01T05:25:36","slug":"kosten-honorar-und-entgeldordnung","status":"publish","type":"page","link":"http:\/\/www.bushido-lubwart.de\/wordpress\/unser-verein\/regelwerk\/kosten-honorar-und-entgeldordnung\/","title":{"rendered":"Kosten-, Honorar- und Entgeldordnung"},"content":{"rendered":"<p>Diese Dokumente sind im PDF-Format hinterlegt. Zum Anzeigen und Ausdrucken von PDF-Dateien ist der Acrobat Reader von Adobe erforderlich, den Sie sich <a href=\"http:\/\/www.adobe.de\/products\/acrobat\/readstep.html\">hier<\/a> downloaden k\u00f6nnen.<\/p>\n<p>Die Kosten-, Honorar- und Entgeltordnung regelt im Wesentlichen s\u00e4mtliche Erstattungs- und Ersatzanspr\u00fcche des Mitglieds gegen den Verein.<\/p>\n<p>Ab 30.06.2023 g\u00fcltige Fassung: <strong><a href=\"http:\/\/www.bushido-lubwart.de\/wordpress\/wp-content\/uploads\/2023\/07\/KoHoEntO.pdf\" target=\"_blank\" rel=\"noopener\">aktuelle Fassung der Kosten-, Honorar- und Entgeltordnung jetzt downloaden<\/a><\/strong>&nbsp;[160 KB]<\/p>\n<p>Ab 01.06.2010 g\u00fcltige Fassung: <strong><a href=\"http:\/\/www.bushido-lubwart.de\/wordpress\/wp-content\/uploads\/2023\/07\/KoHoEntO-2018-09-21.pdf\" target=\"_blank\" rel=\"noopener\">Kosten-, Honorar- und Entgeltordnung jetzt downloaden<\/a><\/strong> [133 KB]<\/p>\n<p>Ab 16.01.2004 g\u00fcltige Fassung: <strong><a href=\"http:\/\/www.bushido-lubwart.de\/wordpress\/wp-content\/uploads\/2008\/02\/kohoento20040116.pdf\" target=\"_blank\" rel=\"noopener\">Kosten-, Honorar- und Entgeltordnung jetzt downloaden<\/a><\/strong> [133 KB]<\/p>\n<p>Ab 01.01.2002 g\u00fcltige Fassung: <strong><a href=\"http:\/\/www.bushido-lubwart.de\/wordpress\/wp-content\/uploads\/2008\/02\/kohoento20020101.pdf\" target=\"_blank\" rel=\"noopener\">Diese Fassung jetzt downloaden<\/a><\/strong> [132 KB]<\/p>\n<p>Fassung 2001: <a href=\"http:\/\/www.bushido-lubwart.de\/wordpress\/wp-content\/uploads\/2008\/02\/kohoento2001.pdf\" target=\"_blank\" rel=\"noopener\"><strong>Alte Fassung jetzt downloaden<\/strong><\/a> [42 KB]<\/p>\n","protected":false},"excerpt":{"rendered":"<p>Diese Dokumente sind im PDF-Format hinterlegt. Zum Anzeigen und Ausdrucken von PDF-Dateien ist der Acrobat Reader von Adobe erforderlich, den Sie sich hier downloaden k\u00f6nnen. Die Kosten-, Honorar- und Entgeltordnung regelt im Wesentlichen s\u00e4mtliche Erstattungs- und Ersatzanspr\u00fcche des Mitglieds gegen den Verein. Ab 30.06.2023 g\u00fcltige Fassung: aktuelle Fassung der Kosten-, Honorar- und Entgeltordnung jetzt downloaden&nbsp;[160 [&hellip;]<\/p>\n","protected":false},"author":2,"featured_media":0,"parent":1015,"menu_order":3,"comment_status":"open","ping_status":"open","template":"","meta":{"ngg_post_thumbnail":0,"footnotes":""},"class_list":["post-1018","page","type-page","status-publish","hentry"],"_links":{"self":[{"href":"http:\/\/www.bushido-lubwart.de\/wordpress\/wp-json\/wp\/v2\/pages\/1018"}],"collection":[{"href":"http:\/\/www.bushido-lubwart.de\/wordpress\/wp-json\/wp\/v2\/pages"}],"about":[{"href":"http:\/\/www.bushido-lubwart.de\/wordpress\/wp-json\/wp\/v2\/types\/page"}],"author":[{"embeddable":true,"href":"http:\/\/www.bushido-lubwart.de\/wordpress\/wp-json\/wp\/v2\/users\/2"}],"replies":[{"embeddable":true,"href":"http:\/\/www.bushido-lubwart.de\/wordpress\/wp-json\/wp\/v2\/comments?post=1018"}],"version-history":[{"count":5,"href":"http:\/\/www.bushido-lubwart.de\/wordpress\/wp-json\/wp\/v2\/pages\/1018\/revisions"}],"predecessor-version":[{"id":3599,"href":"http:\/\/www.bushido-lubwart.de\/wordpress\/wp-json\/wp\/v2\/pages\/1018\/revisions\/3599"}],"up":[{"embeddable":true,"href":"http:\/\/www.bushido-lubwart.de\/wordpress\/wp-json\/wp\/v2\/pages\/1015"}],"wp:attachment":[{"href":"http:\/\/www.bushido-lubwart.de\/wordpress\/wp-json\/wp\/v2\/media?parent=1018"}],"curies":[{"name":"wp","href":"https:\/\/api.w.org\/{rel}","templated":true}]}}