{"id":1015,"date":"2008-02-22T11:20:06","date_gmt":"2008-02-22T10:20:06","guid":{"rendered":"http:\/\/www.bushido-lubwart.de\/wordpress\/?page_id=1015"},"modified":"2015-03-29T14:23:22","modified_gmt":"2015-03-29T13:23:22","slug":"regelwerk","status":"publish","type":"page","link":"http:\/\/www.bushido-lubwart.de\/wordpress\/unser-verein\/regelwerk\/","title":{"rendered":"Regelwerk"},"content":{"rendered":"<p>Hier finden Sie die Satzung und Ordnungen unseres Vereins sowie diverse Formulare im PDF-Format.<\/p>\n<p>Zum Anzeigen und Ausdrucken von PDF-Dateien ist der Acrobat Reader von Adobe erforderlich, den Sie <a HREF=\"http:\/\/www.adobe.de\/products\/acrobat\/readstep.html\">hier<\/a> downloaden k\u00f6nnen.<\/p>\n<ul>\n<li><strong>Satzung und Ordnungen<\/strong><\/li>\n<\/ul>\n<blockquote><p>Satzung und Ordnungen sind die Grundlage f\u00fcr die Vereinsarbeit und die Rechtsbeziehung zwischen Mitglied und Verein.<\/p>\n<ul>\n<li><strong><a href=\"http:\/\/www.bushido-lubwart.de\/wordpress\/?page_id=1016\">Satzung<\/a><\/strong> des Bushido Lubwart Bad Liebenwerda e.V.<\/li>\n<li>Die <strong><a HREF=\"http:\/\/www.bushido-lubwart.de\/wordpress\/?page_id=1017\">Beitragsordnung<\/a><\/strong> regelt die Beitragszahlung, Mahnung, Stundung, Beitragserlass und Beitragserm\u00e4\u00dfigung<\/li>\n<li><strong><a HREF=\"http:\/\/www.bushido-lubwart.de\/wordpress\/?page_id=1018\">Kosten-, Honorar- und Entgeltordnung<\/a><\/strong>  regelt im Wesentlichen s\u00e4mtliche Erstattungs- und Ersatzanspr\u00fcche des Mitglieds gegen den Verein.<\/li>\n<li><strong><a hef=\"http:\/\/www.bushido-lubwart.de\/wordpress\/?page_id=1019\">Ehrenordnung<\/a><\/strong>\u00a0des Vereins<\/li>\n<li><strong><a href=\"http:\/\/www.bushido-lubwart.de\/wordpress\/wp-content\/uploads\/2008\/02\/etikette1.pdf\">Dojo-Etikette<\/a> und Interne Regeln des Vereins<\/li>\n<li><strong><a HREF=\"http:\/\/www.bushido-lubwart.de\/wordpress\/?page_id=1021\">Verfahrensordnung<\/a><\/strong> des Vereins. Die Verfahrensordnung wurde durch den Vorstand am 14. M\u00e4rz 2003 au\u00dfer Kraft gesetzt.<\/li>\n<\/ul>\n<\/blockquote>\n<ul>\n<li><strong>Formulare<\/strong><\/li>\n<\/ul>\n<blockquote><p>Formulare, Antr\u00e4ge und Vordrucke f\u00fcr Vereinsmitglieder, Vorstand, \u00dcbungsleiter und sonstige im Auftrag des Vereins t\u00e4tige Personen<\/p>\n<ul>\n<li><strong><a HREF=\"http:\/\/www.bushido-lubwart.de\/wordpress\/?page_id=1022\">Aufnahmeantrag<\/a><\/strong> f\u00fcr Neumitglieder<\/li>\n<li>Antrag auf <strong><a HREF=\"http:\/\/www.bushido-lubwart.de\/wordpress\/?page_id=1023\">Beitragserm\u00e4\u00dfigung<\/a><\/strong><\/li>\n<li><strong><a HREF=\"http:\/\/www.bushido-lubwart.de\/wordpress\/?page_id=1024\">Erstattungsantr\u00e4ge<\/a><\/strong> f\u00fcr Vorstand, \u00dcbungsleiter und sonstige im Auftrag des Vereins t\u00e4tige Mitglieder<\/li>\n<\/ul>\n<\/blockquote>\n","protected":false},"excerpt":{"rendered":"<p>Hier finden Sie die Satzung und Ordnungen unseres Vereins sowie diverse Formulare im PDF-Format. Zum Anzeigen und Ausdrucken von PDF-Dateien ist der Acrobat Reader von Adobe erforderlich, den Sie hier downloaden k\u00f6nnen. Satzung und Ordnungen Satzung und Ordnungen sind die Grundlage f\u00fcr die Vereinsarbeit und die Rechtsbeziehung zwischen Mitglied und Verein. Satzung des Bushido Lubwart [&hellip;]<\/p>\n","protected":false},"author":2,"featured_media":0,"parent":953,"menu_order":7,"comment_status":"open","ping_status":"open","template":"","meta":{"ngg_post_thumbnail":0,"footnotes":""},"class_list":["post-1015","page","type-page","status-publish","hentry"],"_links":{"self":[{"href":"http:\/\/www.bushido-lubwart.de\/wordpress\/wp-json\/wp\/v2\/pages\/1015"}],"collection":[{"href":"http:\/\/www.bushido-lubwart.de\/wordpress\/wp-json\/wp\/v2\/pages"}],"about":[{"href":"http:\/\/www.bushido-lubwart.de\/wordpress\/wp-json\/wp\/v2\/types\/page"}],"author":[{"embeddable":true,"href":"http:\/\/www.bushido-lubwart.de\/wordpress\/wp-json\/wp\/v2\/users\/2"}],"replies":[{"embeddable":true,"href":"http:\/\/www.bushido-lubwart.de\/wordpress\/wp-json\/wp\/v2\/comments?post=1015"}],"version-history":[{"count":5,"href":"http:\/\/www.bushido-lubwart.de\/wordpress\/wp-json\/wp\/v2\/pages\/1015\/revisions"}],"predecessor-version":[{"id":2745,"href":"http:\/\/www.bushido-lubwart.de\/wordpress\/wp-json\/wp\/v2\/pages\/1015\/revisions\/2745"}],"up":[{"embeddable":true,"href":"http:\/\/www.bushido-lubwart.de\/wordpress\/wp-json\/wp\/v2\/pages\/953"}],"wp:attachment":[{"href":"http:\/\/www.bushido-lubwart.de\/wordpress\/wp-json\/wp\/v2\/media?parent=1015"}],"curies":[{"name":"wp","href":"https:\/\/api.w.org\/{rel}","templated":true}]}}