{"id":1009,"date":"2008-02-22T11:08:13","date_gmt":"2008-02-22T10:08:13","guid":{"rendered":"http:\/\/www.bushido-lubwart.de\/wordpress\/?page_id=1009"},"modified":"2008-02-22T11:08:13","modified_gmt":"2008-02-22T10:08:13","slug":"gesamtvorstand","status":"publish","type":"page","link":"http:\/\/www.bushido-lubwart.de\/wordpress\/unser-verein\/der-vorstand\/gesamtvorstand\/","title":{"rendered":"Gesamtvorstand"},"content":{"rendered":"<p>Das Amt des Dojoleiters ist kein Wahlamt. Der Dojoleiter ist neben dem Gesamtvorstand f\u00fcr Trainingsbelange zust\u00e4ndig.<\/p>\n<p>Er ist f\u00fcr die Organisation des Trainings zust\u00e4ndig und hat insoweit alleiniges Entscheidungsrecht.<\/p>\n","protected":false},"excerpt":{"rendered":"<p>Das Amt des Dojoleiters ist kein Wahlamt. Der Dojoleiter ist neben dem Gesamtvorstand f\u00fcr Trainingsbelange zust\u00e4ndig. Er ist f\u00fcr die Organisation des Trainings zust\u00e4ndig und hat insoweit alleiniges Entscheidungsrecht.<\/p>\n","protected":false},"author":2,"featured_media":0,"parent":1003,"menu_order":1,"comment_status":"open","ping_status":"open","template":"","meta":{"ngg_post_thumbnail":0,"footnotes":""},"class_list":["post-1009","page","type-page","status-publish","hentry"],"_links":{"self":[{"href":"http:\/\/www.bushido-lubwart.de\/wordpress\/wp-json\/wp\/v2\/pages\/1009"}],"collection":[{"href":"http:\/\/www.bushido-lubwart.de\/wordpress\/wp-json\/wp\/v2\/pages"}],"about":[{"href":"http:\/\/www.bushido-lubwart.de\/wordpress\/wp-json\/wp\/v2\/types\/page"}],"author":[{"embeddable":true,"href":"http:\/\/www.bushido-lubwart.de\/wordpress\/wp-json\/wp\/v2\/users\/2"}],"replies":[{"embeddable":true,"href":"http:\/\/www.bushido-lubwart.de\/wordpress\/wp-json\/wp\/v2\/comments?post=1009"}],"version-history":[{"count":0,"href":"http:\/\/www.bushido-lubwart.de\/wordpress\/wp-json\/wp\/v2\/pages\/1009\/revisions"}],"up":[{"embeddable":true,"href":"http:\/\/www.bushido-lubwart.de\/wordpress\/wp-json\/wp\/v2\/pages\/1003"}],"wp:attachment":[{"href":"http:\/\/www.bushido-lubwart.de\/wordpress\/wp-json\/wp\/v2\/media?parent=1009"}],"curies":[{"name":"wp","href":"https:\/\/api.w.org\/{rel}","templated":true}]}}